{"id":1917,"date":"2020-10-30T21:18:43","date_gmt":"2020-10-30T18:18:43","guid":{"rendered":"http:\/\/www.ozkaralar.com\/ayakkabi\/?page_id=1917"},"modified":"2020-10-30T21:18:43","modified_gmt":"2020-10-30T18:18:43","slug":"kvkk-veri-politikasi","status":"publish","type":"page","link":"http:\/\/www.ozkaralar.com\/ayakkabi\/en\/kvkk-veri-politikasi\/","title":{"rendered":"KVKK Veri Politikas\u0131"},"content":{"rendered":"<div id=\"pl-1917\"  class=\"panel-layout\" ><div id=\"pg-1917-0\"  class=\"panel-grid panel-no-style\" ><div id=\"pgc-1917-0-0\"  class=\"panel-grid-cell\" ><div id=\"panel-1917-0-0-0\" class=\"so-panel widget widget_sow-editor panel-first-child panel-last-child\" data-index=\"0\" ><div\n\t\t\t\n\t\t\tclass=\"so-widget-sow-editor so-widget-sow-editor-base\"\n\t\t\t\n\t\t>\n<div class=\"siteorigin-widget-tinymce textwidget\">\n\t<a href=\"http:\/\/www.ozkaralar.com\/iplik\/wp-content\/uploads\/2020\/10\/O\u0308zkaralar-Ayakkabi-I\u0307nternet-Sitesi-C\u0327erez-KVK-Bilgilendirme-Metni_v2.pdf\" class=\"pdfemb-viewer\" style=\"\" data-width=\"max\" data-height=\"max\"  data-toolbar=\"bottom\" data-toolbar-fixed=\"off\">O\u0308zkaralar Ayakkab\u0131 I\u0307nternet Sitesi C\u0327erez KVK Bilgilendirme Metni_v2<br\/><\/a>\n<hr \/>\n<a href=\"http:\/\/www.ozkaralar.com\/iplik\/wp-content\/uploads\/2020\/10\/O\u0308zkaralar-Ayakkabi-Kamera-Aydinlatma-Metni_v2.pdf\" class=\"pdfemb-viewer\" style=\"\" data-width=\"max\" data-height=\"max\"  data-toolbar=\"bottom\" data-toolbar-fixed=\"off\">O\u0308zkaralar Ayakkab\u0131 Kamera Ayd\u0131nlatma Metni_v2<br\/><\/a>\n<hr \/>\n<a href=\"http:\/\/www.ozkaralar.com\/iplik\/wp-content\/uploads\/2020\/10\/O\u0308zkaralar-Ayakkabi-KVK-Politikasi.pdf\" class=\"pdfemb-viewer\" style=\"\" data-width=\"max\" data-height=\"max\"  data-toolbar=\"bottom\" data-toolbar-fixed=\"off\">O\u0308zkaralar Ayakkab\u0131 KVK Politikas\u0131<br\/><\/a>\n<hr \/>\n<a href=\"http:\/\/www.ozkaralar.com\/iplik\/wp-content\/uploads\/2020\/10\/O\u0308zkaralar-Ayakkabi-KVKK-Basvuru-Formu_v2.pdf\" class=\"pdfemb-viewer\" style=\"\" data-width=\"max\" data-height=\"max\"  data-toolbar=\"bottom\" data-toolbar-fixed=\"off\">O\u0308zkaralar Ayakkab\u0131 KVKK-Basvuru-Formu_v2<br\/><\/a>\n<hr \/>\n<a href=\"http:\/\/www.ozkaralar.com\/iplik\/wp-content\/uploads\/2020\/10\/O\u0308zkaralar-Ayakkabi-Mu\u0308s\u0327teri-KVK-Aydinlatma-Metni_v2.pdf\" class=\"pdfemb-viewer\" style=\"\" data-width=\"max\" data-height=\"max\"  data-toolbar=\"bottom\" data-toolbar-fixed=\"off\">O\u0308zkaralar Ayakkab\u0131 Mu\u0308s\u0327teri KVK Ayd\u0131nlatma Metni_v2<br\/><\/a>\n<hr \/>\n<a href=\"http:\/\/www.ozkaralar.com\/iplik\/wp-content\/uploads\/2020\/10\/O\u0308zkaralar-Ayakkabi-Mu\u0308s\u0327terilerin-Talep-ve-S\u0327ikayetlerinin-Kars\u0327ilanmasi-Aydinlatma-Metni_v2.pdf\" class=\"pdfemb-viewer\" style=\"\" data-width=\"max\" data-height=\"max\"  data-toolbar=\"bottom\" data-toolbar-fixed=\"off\">O\u0308zkaralar Ayakkab\u0131 Mu\u0308s\u0327terilerin Talep ve S\u0327ikayetlerinin Kars\u0327\u0131lanmas\u0131 Ayd\u0131nlatma Metni_v2<br\/><\/a>\n<hr \/>\n<a href=\"http:\/\/www.ozkaralar.com\/iplik\/wp-content\/uploads\/2020\/10\/O\u0308zkaralar-Ayakkabi-Tedarikc\u0327i-KVK-Aydinlatma-Metni_v2.pdf\" class=\"pdfemb-viewer\" style=\"\" data-width=\"max\" data-height=\"max\"  data-toolbar=\"bottom\" data-toolbar-fixed=\"off\">O\u0308zkaralar Ayakkab\u0131 Tedarikc\u0327i KVK Ayd\u0131nlatma Metni_v2<br\/><\/a>\n<hr \/>\n<a href=\"http:\/\/www.ozkaralar.com\/iplik\/wp-content\/uploads\/2020\/10\/O\u0308zkaralar-Ayakkabi-Ziyaretc\u0327i-KVK-Aydinlatma-Metni_v2.pdf\" class=\"pdfemb-viewer\" style=\"\" data-width=\"max\" data-height=\"max\"  data-toolbar=\"bottom\" data-toolbar-fixed=\"off\">O\u0308zkaralar Ayakkab\u0131 Ziyaretc\u0327i KVK Ayd\u0131nlatma Metni_v2<br\/><\/a>\n<\/div>\n<\/div><\/div><\/div><\/div><\/div>","protected":false},"excerpt":{"rendered":"<p>O\u0308zkaralar Ayakkab\u0131 I\u0307nternet Sitesi C\u0327erez KVK Bilgilendirme Metni_v2 O\u0308zkaralar Ayakkab\u0131 Kamera Ayd\u0131nlatma Metni_v2 O\u0308zkaralar Ayakkab\u0131 KVK Politikas\u0131 O\u0308zkaralar Ayakkab\u0131 KVKK-Basvuru-Formu_v2 O\u0308zkaralar Ayakkab\u0131 Mu\u0308s\u0327teri KVK Ayd\u0131nlatma Metni_v2 O\u0308zkaralar Ayakkab\u0131 Mu\u0308s\u0327terilerin Talep ve S\u0327ikayetlerinin Kars\u0327\u0131lanmas\u0131 Ayd\u0131nlatma Metni_v2 O\u0308zkaralar Ayakkab\u0131 Tedarikc\u0327i KVK Ayd\u0131nlatma Metni_v2 O\u0308zkaralar Ayakkab\u0131 Ziyaretc\u0327i KVK Ayd\u0131nlatma Metni_v2<\/p>\n","protected":false},"author":1,"featured_media":955,"parent":0,"menu_order":0,"comment_status":"closed","ping_status":"closed","template":"","meta":[],"acf":[],"_links":{"self":[{"href":"http:\/\/www.ozkaralar.com\/ayakkabi\/en\/wp-json\/wp\/v2\/pages\/1917"}],"collection":[{"href":"http:\/\/www.ozkaralar.com\/ayakkabi\/en\/wp-json\/wp\/v2\/pages"}],"about":[{"href":"http:\/\/www.ozkaralar.com\/ayakkabi\/en\/wp-json\/wp\/v2\/types\/page"}],"author":[{"embeddable":true,"href":"http:\/\/www.ozkaralar.com\/ayakkabi\/en\/wp-json\/wp\/v2\/users\/1"}],"replies":[{"embeddable":true,"href":"http:\/\/www.ozkaralar.com\/ayakkabi\/en\/wp-json\/wp\/v2\/comments?post=1917"}],"version-history":[{"count":2,"href":"http:\/\/www.ozkaralar.com\/ayakkabi\/en\/wp-json\/wp\/v2\/pages\/1917\/revisions"}],"predecessor-version":[{"id":1919,"href":"http:\/\/www.ozkaralar.com\/ayakkabi\/en\/wp-json\/wp\/v2\/pages\/1917\/revisions\/1919"}],"wp:featuredmedia":[{"embeddable":true,"href":"http:\/\/www.ozkaralar.com\/ayakkabi\/en\/wp-json\/wp\/v2\/media\/955"}],"wp:attachment":[{"href":"http:\/\/www.ozkaralar.com\/ayakkabi\/en\/wp-json\/wp\/v2\/media?parent=1917"}],"curies":[{"name":"wp","href":"https:\/\/api.w.org\/{rel}","templated":true}]}}