{"id":11,"date":"2015-10-14T08:25:58","date_gmt":"2015-10-14T08:25:58","guid":{"rendered":"http:\/\/demo.proteusthemes.com\/structurepress\/?page_id=11"},"modified":"2021-01-19T14:38:30","modified_gmt":"2021-01-19T11:38:30","slug":"home","status":"publish","type":"page","link":"http:\/\/www.ozkaralar.com\/ayakkabi\/","title":{"rendered":"Anasayfa"},"content":{"rendered":"<div id=\"pl-11\"  class=\"panel-layout\" ><div id=\"pg-11-0\"  class=\"panel-grid panel-no-style\" ><div id=\"pgc-11-0-0\"  class=\"panel-grid-cell\" ><div id=\"panel-11-0-0-0\" class=\"so-panel widget widget_sow-image panel-first-child\" data-index=\"0\" ><div\n\t\t\t\n\t\t\tclass=\"so-widget-sow-image so-widget-sow-image-default-4b231843ec72-11\"\n\t\t\t\n\t\t>\n\n<div class=\"sow-image-container\">\n\t\t<img src=\"http:\/\/www.ozkaralar.com\/ayakkabi\/wp-content\/uploads\/2015\/10\/tarihce_anasayfa.jpg\" width=\"800\" height=\"600\" srcset=\"http:\/\/www.ozkaralar.com\/ayakkabi\/wp-content\/uploads\/2015\/10\/tarihce_anasayfa.jpg 800w, http:\/\/www.ozkaralar.com\/ayakkabi\/wp-content\/uploads\/2015\/10\/tarihce_anasayfa-300x225.jpg 300w, http:\/\/www.ozkaralar.com\/ayakkabi\/wp-content\/uploads\/2015\/10\/tarihce_anasayfa-768x576.jpg 768w, http:\/\/www.ozkaralar.com\/ayakkabi\/wp-content\/uploads\/2015\/10\/tarihce_anasayfa-540x405.jpg 540w\" sizes=\"(max-width: 800px) 100vw, 800px\" alt=\"\" loading=\"lazy\" \t\tclass=\"so-widget-image\"\/>\n\t<\/div>\n\n<\/div><\/div><div id=\"panel-11-0-0-1\" class=\"so-panel widget widget_sow-editor panel-last-child\" data-index=\"1\" ><div\n\t\t\t\n\t\t\tclass=\"so-widget-sow-editor so-widget-sow-editor-base\"\n\t\t\t\n\t\t>\n<div class=\"siteorigin-widget-tinymce textwidget\">\n\t<h3 style=\"text-align: center;\"><a href=\"http:\/\/www.ozkaralar.com\/ayakkabi\/tarihcemiz\/\">Tarih\u00e7emiz<\/a><\/h3>\n<p style=\"text-align: center;\">Firmam\u0131z dedemiz Hac\u0131 Zekeriya \u00d6zkara taraf\u0131ndan kurulmu\u015f olup Gaziantep kavaf \u00e7ar\u015f\u0131s\u0131nda 15 m2 lik bir d\u00fckkanda faaliyetine ba\u015flam\u0131\u015ft\u0131r, daha sonra belediye caddesindeki 120 m2 lik 4 katl\u0131 binas\u0131nda 1998 y\u0131l\u0131na kadar ticaretine devam etmi\u015f, bug\u00fcn ise Nizip caddesindeki 5 katl\u0131 7500 m2lik binas\u0131nda hizmet vermeye devam etmektedir.<\/p>\n<\/div>\n<\/div><\/div><\/div><div id=\"pgc-11-0-1\"  class=\"panel-grid-cell\" ><div id=\"panel-11-0-1-0\" class=\"so-panel widget widget_sow-image panel-first-child\" data-index=\"2\" ><div\n\t\t\t\n\t\t\tclass=\"so-widget-sow-image so-widget-sow-image-default-4b231843ec72-11\"\n\t\t\t\n\t\t>\n\n<div class=\"sow-image-container\">\n\t\t<img src=\"http:\/\/www.ozkaralar.com\/ayakkabi\/wp-content\/uploads\/2015\/10\/misyonumuz.jpg\" width=\"800\" height=\"600\" srcset=\"http:\/\/www.ozkaralar.com\/ayakkabi\/wp-content\/uploads\/2015\/10\/misyonumuz.jpg 800w, http:\/\/www.ozkaralar.com\/ayakkabi\/wp-content\/uploads\/2015\/10\/misyonumuz-300x225.jpg 300w, http:\/\/www.ozkaralar.com\/ayakkabi\/wp-content\/uploads\/2015\/10\/misyonumuz-768x576.jpg 768w, http:\/\/www.ozkaralar.com\/ayakkabi\/wp-content\/uploads\/2015\/10\/misyonumuz-540x405.jpg 540w\" sizes=\"(max-width: 800px) 100vw, 800px\" alt=\"\" loading=\"lazy\" \t\tclass=\"so-widget-image\"\/>\n\t<\/div>\n\n<\/div><\/div><div id=\"panel-11-0-1-1\" class=\"so-panel widget widget_sow-editor panel-last-child\" data-index=\"3\" ><div\n\t\t\t\n\t\t\tclass=\"so-widget-sow-editor so-widget-sow-editor-base\"\n\t\t\t\n\t\t>\n<div class=\"siteorigin-widget-tinymce textwidget\">\n\t<h3 style=\"text-align: center;\"><a href=\"http:\/\/www.ozkaralar.com\/ayakkabi\/misyonumuz\/\">Misyonumuz<\/a><\/h3>\n<p style=\"text-align: center;\">3 ku\u015faktan beri ayakkabi sekt\u00f6r\u00fcnde devam eden firmam\u0131z\u0131n ana hedefi m\u00fc\u015fteri nezdindeki g\u00fcvenirlili\u011fini korumak ve de\u011ferli m\u00fc\u015fterilerimize bol \u00e7e\u015fit tedari\u011fini sa\u011flayarak, bu \u00e7e\u015fitleri h\u0131zl\u0131bir \u015fekilde her iki taraf\u0131nda memnuniyeti \u015feklinde m\u00fc\u015fterilerine ula\u015ft\u0131rmakt\u0131r.<\/p>\n<\/div>\n<\/div><\/div><\/div><div id=\"pgc-11-0-2\"  class=\"panel-grid-cell\" ><div id=\"panel-11-0-2-0\" class=\"so-panel widget widget_sow-image panel-first-child\" data-index=\"4\" ><div\n\t\t\t\n\t\t\tclass=\"so-widget-sow-image so-widget-sow-image-default-4b231843ec72-11\"\n\t\t\t\n\t\t>\n\n<div class=\"sow-image-container\">\n\t\t<img src=\"http:\/\/www.ozkaralar.com\/ayakkabi\/wp-content\/uploads\/2015\/10\/vizyonumuz.jpg\" width=\"800\" height=\"600\" srcset=\"http:\/\/www.ozkaralar.com\/ayakkabi\/wp-content\/uploads\/2015\/10\/vizyonumuz.jpg 800w, http:\/\/www.ozkaralar.com\/ayakkabi\/wp-content\/uploads\/2015\/10\/vizyonumuz-300x225.jpg 300w, http:\/\/www.ozkaralar.com\/ayakkabi\/wp-content\/uploads\/2015\/10\/vizyonumuz-768x576.jpg 768w, http:\/\/www.ozkaralar.com\/ayakkabi\/wp-content\/uploads\/2015\/10\/vizyonumuz-540x405.jpg 540w\" sizes=\"(max-width: 800px) 100vw, 800px\" alt=\"\" loading=\"lazy\" \t\tclass=\"so-widget-image\"\/>\n\t<\/div>\n\n<\/div><\/div><div id=\"panel-11-0-2-1\" class=\"so-panel widget widget_sow-editor panel-last-child\" data-index=\"5\" ><div\n\t\t\t\n\t\t\tclass=\"so-widget-sow-editor so-widget-sow-editor-base\"\n\t\t\t\n\t\t>\n<div class=\"siteorigin-widget-tinymce textwidget\">\n\t<h3 style=\"text-align: center;\"><a href=\"http:\/\/www.ozkaralar.com\/ayakkabi\/vizyonumuz\/\">Vizyonumuz<\/a><\/h3>\n<p style=\"text-align: center;\">Ge\u00e7mi\u015ften bug\u00fcne bulunan \u00fcr\u00fcn\u00fc en uygun \u015fekilde tedarik prensibini koruyan firmam\u0131z ayn\u0131 zamanda bulunan \u00fcr\u00fcn \u00e7e\u015fidine her ge\u00e7en g\u00fcn yenisini ekleyerek faaliyetine devam etmektedir.<\/p>\n<\/div>\n<\/div><\/div><\/div><\/div><div id=\"pg-11-1\"  class=\"panel-grid panel-no-style\" ><div id=\"pgc-11-1-0\"  class=\"panel-grid-cell\" ><div id=\"panel-11-1-0-0\" class=\"so-panel widget widget_sow-editor panel-first-child panel-last-child\" data-index=\"6\" ><div\n\t\t\t\n\t\t\tclass=\"so-widget-sow-editor so-widget-sow-editor-base\"\n\t\t\t\n\t\t>\n<div class=\"siteorigin-widget-tinymce textwidget\">\n\t<hr \/>\n<\/div>\n<\/div><\/div><\/div><\/div><div id=\"pg-11-2\"  class=\"panel-grid panel-no-style\" ><div id=\"pgc-11-2-0\"  class=\"panel-grid-cell\" ><div id=\"panel-11-2-0-0\" class=\"so-panel widget widget_sow-editor panel-first-child panel-last-child\" data-index=\"7\" ><div\n\t\t\t\n\t\t\tclass=\"so-widget-sow-editor so-widget-sow-editor-base\"\n\t\t\t\n\t\t>\n<div class=\"siteorigin-widget-tinymce textwidget\">\n\t<p><a href=\"http:\/\/www.ozkaralar.com\/ayakkabi\/urunler\/is-emniyet-ayakkabilari\/\"><img loading=\"lazy\" class=\"alignnone wp-image-1126 size-full\" src=\"http:\/\/www.ozkaralar.com\/ayakkabi\/wp-content\/uploads\/2021\/01\/isemniyet.jpg\" alt=\"\" width=\"800\" height=\"600\" \/><\/a><\/p>\n<\/div>\n<\/div><\/div><\/div><div id=\"pgc-11-2-1\"  class=\"panel-grid-cell\" ><div id=\"panel-11-2-1-0\" class=\"so-panel widget widget_sow-editor panel-first-child panel-last-child\" data-index=\"8\" ><div\n\t\t\t\n\t\t\tclass=\"so-widget-sow-editor so-widget-sow-editor-base\"\n\t\t\t\n\t\t>\n<div class=\"siteorigin-widget-tinymce textwidget\">\n\t<p><a href=\"http:\/\/www.ozkaralar.com\/ayakkabi\/mekap-pvc-cizmeler\/\"><img loading=\"lazy\" class=\"alignnone wp-image-1127 size-full\" src=\"http:\/\/www.ozkaralar.com\/ayakkabi\/wp-content\/uploads\/2015\/10\/cizmeler.jpg\" alt=\"\" width=\"800\" height=\"600\" srcset=\"http:\/\/www.ozkaralar.com\/ayakkabi\/wp-content\/uploads\/2015\/10\/cizmeler.jpg 800w, http:\/\/www.ozkaralar.com\/ayakkabi\/wp-content\/uploads\/2015\/10\/cizmeler-300x225.jpg 300w, http:\/\/www.ozkaralar.com\/ayakkabi\/wp-content\/uploads\/2015\/10\/cizmeler-768x576.jpg 768w, http:\/\/www.ozkaralar.com\/ayakkabi\/wp-content\/uploads\/2015\/10\/cizmeler-540x405.jpg 540w\" sizes=\"(max-width: 800px) 100vw, 800px\" \/><\/a><\/p>\n<\/div>\n<\/div><\/div><\/div><div id=\"pgc-11-2-2\"  class=\"panel-grid-cell\" ><div id=\"panel-11-2-2-0\" class=\"so-panel widget widget_sow-editor panel-first-child panel-last-child\" data-index=\"9\" ><div\n\t\t\t\n\t\t\tclass=\"so-widget-sow-editor so-widget-sow-editor-base\"\n\t\t\t\n\t\t>\n<div class=\"siteorigin-widget-tinymce textwidget\">\n\t<p><a href=\"http:\/\/www.ozkaralar.com\/ayakkabi\/arisan\/\"><img loading=\"lazy\" class=\"alignnone wp-image-1898 size-full\" src=\"http:\/\/www.ozkaralar.com\/ayakkabi\/wp-content\/uploads\/2015\/10\/lastik-ayakkabi.jpg\" alt=\"\" width=\"800\" height=\"600\" \/><\/a><\/p>\n<\/div>\n<\/div><\/div><\/div><\/div><div id=\"pg-11-3\"  class=\"panel-grid panel-no-style\" ><div id=\"pgc-11-3-0\"  class=\"panel-grid-cell\" ><div id=\"panel-11-3-0-0\" class=\"so-panel widget widget_sow-editor panel-first-child panel-last-child\" data-index=\"10\" ><div\n\t\t\t\n\t\t\tclass=\"so-widget-sow-editor so-widget-sow-editor-base\"\n\t\t\t\n\t\t>\n<div class=\"siteorigin-widget-tinymce textwidget\">\n\t<hr \/>\n<\/div>\n<\/div><\/div><\/div><\/div><\/div>","protected":false},"excerpt":{"rendered":"<p>Tarih\u00e7emiz Firmam\u0131z dedemiz Hac\u0131 Zekeriya \u00d6zkara taraf\u0131ndan kurulmu\u015f olup Gaziantep kavaf \u00e7ar\u015f\u0131s\u0131nda 15 m2 lik bir d\u00fckkanda faaliyetine ba\u015flam\u0131\u015ft\u0131r, daha sonra belediye caddesindeki 120 m2 lik 4 katl\u0131 binas\u0131nda 1998 y\u0131l\u0131na kadar ticaretine devam etmi\u015f, bug\u00fcn ise Nizip caddesindeki 5 katl\u0131 7500 m2lik binas\u0131nda hizmet vermeye devam etmektedir. Misyonumuz 3 ku\u015faktan beri ayakkabi sekt\u00f6r\u00fcnde devam &hellip;<\/p>\n","protected":false},"author":1,"featured_media":0,"parent":0,"menu_order":0,"comment_status":"closed","ping_status":"closed","template":"template-front-page-slider.php","meta":[],"acf":[],"_links":{"self":[{"href":"http:\/\/www.ozkaralar.com\/ayakkabi\/wp-json\/wp\/v2\/pages\/11"}],"collection":[{"href":"http:\/\/www.ozkaralar.com\/ayakkabi\/wp-json\/wp\/v2\/pages"}],"about":[{"href":"http:\/\/www.ozkaralar.com\/ayakkabi\/wp-json\/wp\/v2\/types\/page"}],"author":[{"embeddable":true,"href":"http:\/\/www.ozkaralar.com\/ayakkabi\/wp-json\/wp\/v2\/users\/1"}],"replies":[{"embeddable":true,"href":"http:\/\/www.ozkaralar.com\/ayakkabi\/wp-json\/wp\/v2\/comments?post=11"}],"version-history":[{"count":31,"href":"http:\/\/www.ozkaralar.com\/ayakkabi\/wp-json\/wp\/v2\/pages\/11\/revisions"}],"predecessor-version":[{"id":1924,"href":"http:\/\/www.ozkaralar.com\/ayakkabi\/wp-json\/wp\/v2\/pages\/11\/revisions\/1924"}],"wp:attachment":[{"href":"http:\/\/www.ozkaralar.com\/ayakkabi\/wp-json\/wp\/v2\/media?parent=11"}],"curies":[{"name":"wp","href":"https:\/\/api.w.org\/{rel}","templated":true}]}}