{"id":1142,"date":"2017-04-18T09:35:06","date_gmt":"2017-04-18T06:35:06","guid":{"rendered":"http:\/\/www.ozkaralar.com\/ayakkabi\/?page_id=1142"},"modified":"2017-05-30T10:36:17","modified_gmt":"2017-05-30T07:36:17","slug":"vizyonumuz","status":"publish","type":"page","link":"http:\/\/www.ozkaralar.com\/ayakkabi\/vizyonumuz\/","title":{"rendered":"Vizyonumuz"},"content":{"rendered":"<div id=\"pl-1142\"  class=\"panel-layout\" ><div id=\"pg-1142-0\"  class=\"panel-grid panel-no-style\" ><div id=\"pgc-1142-0-0\"  class=\"panel-grid-cell\" ><div id=\"panel-1142-0-0-0\" class=\"so-panel widget widget_sow-editor panel-first-child panel-last-child\" data-index=\"0\" ><div\n\t\t\t\n\t\t\tclass=\"so-widget-sow-editor so-widget-sow-editor-base\"\n\t\t\t\n\t\t>\n<div class=\"siteorigin-widget-tinymce textwidget\">\n\t<div class=\"article-rel-wrapper\">\n<h1 class=\"contentheading\">Vizyonumuz<\/h1>\n<\/div>\n<p>Ge\u00e7mi\u015ften bug\u00fcne bulunan \u00fcr\u00fcn\u00fc en uygun \u015fekilde tedarik prensibini koruyan firmam\u0131z ayn\u0131 zamanda bulunan \u00fcr\u00fcn \u00e7e\u015fidine her ge\u00e7en g\u00fcn yenisini ekleyerek faaliyetine devam etmektedir.<\/p>\n<\/div>\n<\/div><\/div><\/div><div id=\"pgc-1142-0-1\"  class=\"panel-grid-cell\" ><div id=\"panel-1142-0-1-0\" class=\"so-panel widget widget_sow-image panel-first-child panel-last-child\" data-index=\"1\" ><div\n\t\t\t\n\t\t\tclass=\"so-widget-sow-image so-widget-sow-image-default-4b231843ec72-1142\"\n\t\t\t\n\t\t>\n\n<div class=\"sow-image-container\">\n\t\t<img src=\"http:\/\/www.ozkaralar.com\/ayakkabi\/wp-content\/uploads\/2015\/10\/vizyonumuz.jpg\" width=\"800\" height=\"600\" srcset=\"http:\/\/www.ozkaralar.com\/ayakkabi\/wp-content\/uploads\/2015\/10\/vizyonumuz.jpg 800w, http:\/\/www.ozkaralar.com\/ayakkabi\/wp-content\/uploads\/2015\/10\/vizyonumuz-300x225.jpg 300w, http:\/\/www.ozkaralar.com\/ayakkabi\/wp-content\/uploads\/2015\/10\/vizyonumuz-768x576.jpg 768w, http:\/\/www.ozkaralar.com\/ayakkabi\/wp-content\/uploads\/2015\/10\/vizyonumuz-540x405.jpg 540w\" sizes=\"(max-width: 800px) 100vw, 800px\" alt=\"\" loading=\"lazy\" \t\tclass=\"so-widget-image\"\/>\n\t<\/div>\n\n<\/div><\/div><\/div><\/div><\/div>","protected":false},"excerpt":{"rendered":"<p>Vizyonumuz Ge\u00e7mi\u015ften bug\u00fcne bulunan \u00fcr\u00fcn\u00fc en uygun \u015fekilde tedarik prensibini koruyan firmam\u0131z ayn\u0131 zamanda bulunan \u00fcr\u00fcn \u00e7e\u015fidine her ge\u00e7en g\u00fcn yenisini ekleyerek faaliyetine devam etmektedir.<\/p>\n","protected":false},"author":1,"featured_media":955,"parent":0,"menu_order":0,"comment_status":"closed","ping_status":"closed","template":"","meta":[],"acf":[],"_links":{"self":[{"href":"http:\/\/www.ozkaralar.com\/ayakkabi\/wp-json\/wp\/v2\/pages\/1142"}],"collection":[{"href":"http:\/\/www.ozkaralar.com\/ayakkabi\/wp-json\/wp\/v2\/pages"}],"about":[{"href":"http:\/\/www.ozkaralar.com\/ayakkabi\/wp-json\/wp\/v2\/types\/page"}],"author":[{"embeddable":true,"href":"http:\/\/www.ozkaralar.com\/ayakkabi\/wp-json\/wp\/v2\/users\/1"}],"replies":[{"embeddable":true,"href":"http:\/\/www.ozkaralar.com\/ayakkabi\/wp-json\/wp\/v2\/comments?post=1142"}],"version-history":[{"count":3,"href":"http:\/\/www.ozkaralar.com\/ayakkabi\/wp-json\/wp\/v2\/pages\/1142\/revisions"}],"predecessor-version":[{"id":1909,"href":"http:\/\/www.ozkaralar.com\/ayakkabi\/wp-json\/wp\/v2\/pages\/1142\/revisions\/1909"}],"wp:featuredmedia":[{"embeddable":true,"href":"http:\/\/www.ozkaralar.com\/ayakkabi\/wp-json\/wp\/v2\/media\/955"}],"wp:attachment":[{"href":"http:\/\/www.ozkaralar.com\/ayakkabi\/wp-json\/wp\/v2\/media?parent=1142"}],"curies":[{"name":"wp","href":"https:\/\/api.w.org\/{rel}","templated":true}]}}