{"id":1144,"date":"2017-04-18T09:36:28","date_gmt":"2017-04-18T06:36:28","guid":{"rendered":"http:\/\/www.ozkaralar.com\/ayakkabi\/?page_id=1144"},"modified":"2017-05-30T10:34:39","modified_gmt":"2017-05-30T07:34:39","slug":"misyonumuz","status":"publish","type":"page","link":"http:\/\/www.ozkaralar.com\/ayakkabi\/misyonumuz\/","title":{"rendered":"Misyonumuz"},"content":{"rendered":"<div id=\"pl-1144\"  class=\"panel-layout\" ><div id=\"pg-1144-0\"  class=\"panel-grid panel-no-style\" ><div id=\"pgc-1144-0-0\"  class=\"panel-grid-cell\" ><div id=\"panel-1144-0-0-0\" class=\"so-panel widget widget_sow-editor panel-first-child panel-last-child\" data-index=\"0\" ><div\n\t\t\t\n\t\t\tclass=\"so-widget-sow-editor so-widget-sow-editor-base\"\n\t\t\t\n\t\t>\n<div class=\"siteorigin-widget-tinymce textwidget\">\n\t<div class=\"article-rel-wrapper\">\n<div class=\"article-rel-wrapper\">\n<h1 class=\"contentheading\">Misyonumuz<\/h1>\n<\/div>\n<p class=\"system-pagebreak\">3 ku\u015faktan beri ayakkabi sekt\u00f6r\u00fcnde devam eden firmam\u0131z\u0131n ana hedefi m\u00fc\u015fteri nezdindeki g\u00fcvenirlili\u011fini korumak ve de\u011ferli m\u00fc\u015fterilerimize bol \u00e7e\u015fit tedari\u011fini sa\u011flayarak, bu \u00e7e\u015fitleri h\u0131zl\u0131bir \u015fekilde her iki taraf\u0131nda memnuniyeti \u015feklinde m\u00fc\u015fterilerine ula\u015ft\u0131rmakt\u0131r.<\/p>\n<\/p><\/div>\n<\/div>\n<\/div><\/div><\/div><div id=\"pgc-1144-0-1\"  class=\"panel-grid-cell\" ><div id=\"panel-1144-0-1-0\" class=\"so-panel widget widget_sow-image panel-first-child panel-last-child\" data-index=\"1\" ><div\n\t\t\t\n\t\t\tclass=\"so-widget-sow-image so-widget-sow-image-default-4b231843ec72-1144\"\n\t\t\t\n\t\t>\n\n<div class=\"sow-image-container\">\n\t\t<img src=\"http:\/\/www.ozkaralar.com\/ayakkabi\/wp-content\/uploads\/2015\/10\/misyonumuz.jpg\" width=\"800\" height=\"600\" srcset=\"http:\/\/www.ozkaralar.com\/ayakkabi\/wp-content\/uploads\/2015\/10\/misyonumuz.jpg 800w, http:\/\/www.ozkaralar.com\/ayakkabi\/wp-content\/uploads\/2015\/10\/misyonumuz-300x225.jpg 300w, http:\/\/www.ozkaralar.com\/ayakkabi\/wp-content\/uploads\/2015\/10\/misyonumuz-768x576.jpg 768w, http:\/\/www.ozkaralar.com\/ayakkabi\/wp-content\/uploads\/2015\/10\/misyonumuz-540x405.jpg 540w\" sizes=\"(max-width: 800px) 100vw, 800px\" alt=\"\" loading=\"lazy\" \t\tclass=\"so-widget-image\"\/>\n\t<\/div>\n\n<\/div><\/div><\/div><\/div><\/div>","protected":false},"excerpt":{"rendered":"<p>Misyonumuz 3 ku\u015faktan beri ayakkabi sekt\u00f6r\u00fcnde devam eden firmam\u0131z\u0131n ana hedefi m\u00fc\u015fteri nezdindeki g\u00fcvenirlili\u011fini korumak ve de\u011ferli m\u00fc\u015fterilerimize bol \u00e7e\u015fit tedari\u011fini sa\u011flayarak, bu \u00e7e\u015fitleri h\u0131zl\u0131bir \u015fekilde her iki taraf\u0131nda memnuniyeti \u015feklinde m\u00fc\u015fterilerine ula\u015ft\u0131rmakt\u0131r.<\/p>\n","protected":false},"author":1,"featured_media":955,"parent":0,"menu_order":0,"comment_status":"closed","ping_status":"closed","template":"","meta":[],"acf":[],"_links":{"self":[{"href":"http:\/\/www.ozkaralar.com\/ayakkabi\/wp-json\/wp\/v2\/pages\/1144"}],"collection":[{"href":"http:\/\/www.ozkaralar.com\/ayakkabi\/wp-json\/wp\/v2\/pages"}],"about":[{"href":"http:\/\/www.ozkaralar.com\/ayakkabi\/wp-json\/wp\/v2\/types\/page"}],"author":[{"embeddable":true,"href":"http:\/\/www.ozkaralar.com\/ayakkabi\/wp-json\/wp\/v2\/users\/1"}],"replies":[{"embeddable":true,"href":"http:\/\/www.ozkaralar.com\/ayakkabi\/wp-json\/wp\/v2\/comments?post=1144"}],"version-history":[{"count":3,"href":"http:\/\/www.ozkaralar.com\/ayakkabi\/wp-json\/wp\/v2\/pages\/1144\/revisions"}],"predecessor-version":[{"id":1908,"href":"http:\/\/www.ozkaralar.com\/ayakkabi\/wp-json\/wp\/v2\/pages\/1144\/revisions\/1908"}],"wp:featuredmedia":[{"embeddable":true,"href":"http:\/\/www.ozkaralar.com\/ayakkabi\/wp-json\/wp\/v2\/media\/955"}],"wp:attachment":[{"href":"http:\/\/www.ozkaralar.com\/ayakkabi\/wp-json\/wp\/v2\/media?parent=1144"}],"curies":[{"name":"wp","href":"https:\/\/api.w.org\/{rel}","templated":true}]}}