{"id":991,"date":"2017-04-05T12:27:28","date_gmt":"2017-04-05T09:27:28","guid":{"rendered":"http:\/\/localhost:8888\/ozkaralar\/iplik\/?page_id=991"},"modified":"2017-05-30T10:32:42","modified_gmt":"2017-05-30T07:32:42","slug":"tarihcemiz","status":"publish","type":"page","link":"http:\/\/www.ozkaralar.com\/ayakkabi\/tarihcemiz\/","title":{"rendered":"Tarih\u00e7emiz"},"content":{"rendered":"<div id=\"pl-991\"  class=\"panel-layout\" ><div id=\"pg-991-0\"  class=\"panel-grid panel-no-style\" ><div id=\"pgc-991-0-0\"  class=\"panel-grid-cell\" ><div id=\"panel-991-0-0-0\" class=\"so-panel widget widget_sow-editor panel-first-child panel-last-child\" data-index=\"0\" ><div\n\t\t\t\n\t\t\tclass=\"so-widget-sow-editor so-widget-sow-editor-base\"\n\t\t\t\n\t\t>\n<div class=\"siteorigin-widget-tinymce textwidget\">\n\t<div class=\"article-rel-wrapper\">\n<h1 class=\"contentheading\">Tarih\u00e7emiz<\/h1>\n<\/div>\n<p>Firmam\u0131z dedemiz Hac\u0131 Zekeriya \u00d6zkara taraf\u0131ndan kurulmu\u015f olup Gaziantep kavaf \u00e7ar\u015f\u0131s\u0131nda 15 m2 lik bir d\u00fckkanda faaliyetine ba\u015flam\u0131\u015ft\u0131r, daha sonra belediye caddesindeki 120 m2 lik 4 katl\u0131 binas\u0131nda 1998 y\u0131l\u0131na kadar ticaretine devam etmi\u015f, bug\u00fcn ise Nizip caddesindeki 5 katl\u0131 7500 m2lik binas\u0131nda hizmet vermeye devam etmektedir.<\/p>\n<\/div>\n<\/div><\/div><\/div><div id=\"pgc-991-0-1\"  class=\"panel-grid-cell\" ><div id=\"panel-991-0-1-0\" class=\"so-panel widget widget_sow-image panel-first-child panel-last-child\" data-index=\"1\" ><div\n\t\t\t\n\t\t\tclass=\"so-widget-sow-image so-widget-sow-image-default-4b231843ec72-991\"\n\t\t\t\n\t\t>\n\n<div class=\"sow-image-container\">\n\t\t<img src=\"http:\/\/www.ozkaralar.com\/ayakkabi\/wp-content\/uploads\/2017\/04\/tarihce.jpg\" width=\"459\" height=\"770\" srcset=\"http:\/\/www.ozkaralar.com\/ayakkabi\/wp-content\/uploads\/2017\/04\/tarihce.jpg 459w, http:\/\/www.ozkaralar.com\/ayakkabi\/wp-content\/uploads\/2017\/04\/tarihce-179x300.jpg 179w, http:\/\/www.ozkaralar.com\/ayakkabi\/wp-content\/uploads\/2017\/04\/tarihce-322x540.jpg 322w\" sizes=\"(max-width: 459px) 100vw, 459px\" alt=\"\" loading=\"lazy\" \t\tclass=\"so-widget-image\"\/>\n\t<\/div>\n\n<\/div><\/div><\/div><\/div><\/div>","protected":false},"excerpt":{"rendered":"<p>Tarih\u00e7emiz Firmam\u0131z dedemiz Hac\u0131 Zekeriya \u00d6zkara taraf\u0131ndan kurulmu\u015f olup Gaziantep kavaf \u00e7ar\u015f\u0131s\u0131nda 15 m2 lik bir d\u00fckkanda faaliyetine ba\u015flam\u0131\u015ft\u0131r, daha sonra belediye caddesindeki 120 m2 lik 4 katl\u0131 binas\u0131nda 1998 y\u0131l\u0131na kadar ticaretine devam etmi\u015f, bug\u00fcn ise Nizip caddesindeki 5 katl\u0131 7500 m2lik binas\u0131nda hizmet vermeye devam etmektedir.<\/p>\n","protected":false},"author":1,"featured_media":955,"parent":0,"menu_order":0,"comment_status":"closed","ping_status":"closed","template":"","meta":[],"acf":[],"_links":{"self":[{"href":"http:\/\/www.ozkaralar.com\/ayakkabi\/wp-json\/wp\/v2\/pages\/991"}],"collection":[{"href":"http:\/\/www.ozkaralar.com\/ayakkabi\/wp-json\/wp\/v2\/pages"}],"about":[{"href":"http:\/\/www.ozkaralar.com\/ayakkabi\/wp-json\/wp\/v2\/types\/page"}],"author":[{"embeddable":true,"href":"http:\/\/www.ozkaralar.com\/ayakkabi\/wp-json\/wp\/v2\/users\/1"}],"replies":[{"embeddable":true,"href":"http:\/\/www.ozkaralar.com\/ayakkabi\/wp-json\/wp\/v2\/comments?post=991"}],"version-history":[{"count":7,"href":"http:\/\/www.ozkaralar.com\/ayakkabi\/wp-json\/wp\/v2\/pages\/991\/revisions"}],"predecessor-version":[{"id":1907,"href":"http:\/\/www.ozkaralar.com\/ayakkabi\/wp-json\/wp\/v2\/pages\/991\/revisions\/1907"}],"wp:featuredmedia":[{"embeddable":true,"href":"http:\/\/www.ozkaralar.com\/ayakkabi\/wp-json\/wp\/v2\/media\/955"}],"wp:attachment":[{"href":"http:\/\/www.ozkaralar.com\/ayakkabi\/wp-json\/wp\/v2\/media?parent=991"}],"curies":[{"name":"wp","href":"https:\/\/api.w.org\/{rel}","templated":true}]}}