{"id":1116,"date":"2017-04-17T10:03:02","date_gmt":"2017-04-17T07:03:02","guid":{"rendered":"http:\/\/www.ozkaralar.com\/iplik\/?page_id=1116"},"modified":"2017-05-23T18:44:10","modified_gmt":"2017-05-23T15:44:10","slug":"ilkelerimiz","status":"publish","type":"page","link":"http:\/\/www.ozkaralar.com\/iplik\/en\/ilkelerimiz\/","title":{"rendered":"Our Policy"},"content":{"rendered":"<div id=\"pl-1116\"  class=\"panel-layout\" ><div id=\"pg-1116-0\"  class=\"panel-grid panel-no-style\" ><div id=\"pgc-1116-0-0\"  class=\"panel-grid-cell\" ><div id=\"panel-1116-0-0-0\" class=\"so-panel widget widget_sow-editor panel-first-child panel-last-child\" data-index=\"0\" ><div class=\"so-widget-sow-editor so-widget-sow-editor-base\">\n<div class=\"siteorigin-widget-tinymce textwidget\">\n\t<h2 class=\"contentheading\">Our Policy<\/h2>\n<ul>\n<li>Production in line with the standarts.<\/li>\n<li>Report the correct manufacturing schedule and stick to the schedule.<\/li>\n<li>Always obey legal provision and regulation.<\/li>\n<\/ul>\n<\/div>\n<\/div><\/div><\/div><div id=\"pgc-1116-0-1\"  class=\"panel-grid-cell\" ><div id=\"panel-1116-0-1-0\" class=\"so-panel widget widget_sow-image panel-first-child panel-last-child\" data-index=\"1\" ><div class=\"so-widget-sow-image so-widget-sow-image-default-4b231843ec72-1116\">\n\n<div class=\"sow-image-container\">\n\t\t<img src=\"http:\/\/www.ozkaralar.com\/iplik\/wp-content\/uploads\/2015\/10\/kurumsal1.jpg\" width=\"840\" height=\"420\" srcset=\"http:\/\/www.ozkaralar.com\/iplik\/wp-content\/uploads\/2015\/10\/kurumsal1.jpg 840w, http:\/\/www.ozkaralar.com\/iplik\/wp-content\/uploads\/2015\/10\/kurumsal1-300x150.jpg 300w, http:\/\/www.ozkaralar.com\/iplik\/wp-content\/uploads\/2015\/10\/kurumsal1-768x384.jpg 768w, http:\/\/www.ozkaralar.com\/iplik\/wp-content\/uploads\/2015\/10\/kurumsal1-540x270.jpg 540w\" sizes=\"(max-width: 840px) 100vw, 840px\" alt=\"\" loading=\"lazy\" \t\tclass=\"so-widget-image\"\/>\n\t<\/div>\n\n<\/div><\/div><\/div><\/div><\/div>","protected":false},"excerpt":{"rendered":"<p>Our Policy Production in line with the standarts. Report the correct manufacturing schedule and stick to the schedule. Always obey legal provision and regulation.<\/p>\n","protected":false},"author":1,"featured_media":955,"parent":0,"menu_order":0,"comment_status":"closed","ping_status":"closed","template":"","meta":[],"acf":[],"yoast_head":"<!-- This site is optimized with the Yoast SEO plugin v15.2 - https:\/\/yoast.com\/wordpress\/plugins\/seo\/ -->\n<title>Our Policy - \u00d6zkaralar \u0130plik<\/title>\n<meta name=\"robots\" content=\"index, follow, max-snippet:-1, max-image-preview:large, max-video-preview:-1\" \/>\n<link rel=\"canonical\" href=\"https:\/\/www.ozkaralar.com\/iplik\/ilkelerimiz\/\" \/>\n<meta property=\"og:locale\" content=\"en_US\" \/>\n<meta property=\"og:type\" content=\"article\" \/>\n<meta property=\"og:title\" content=\"[:tr]\u0130lkelerimiz[:en]Our Policy[:] - \u00d6zkaralar \u0130plik\" \/>\n<meta property=\"og:description\" content=\"Our Policy Production in line with the standarts. Report the correct manufacturing schedule and stick to the schedule. Always obey legal provision and regulation.\" \/>\n<meta property=\"og:url\" content=\"https:\/\/www.ozkaralar.com\/iplik\/ilkelerimiz\/\" \/>\n<meta property=\"og:site_name\" content=\"\u00d6zkaralar \u0130plik\" \/>\n<meta property=\"article:modified_time\" content=\"2017-05-23T15:44:10+00:00\" \/>\n<meta property=\"og:image\" content=\"http:\/\/www.ozkaralar.com\/iplik\/wp-content\/uploads\/2015\/10\/kurumsal1.jpg\" \/>\n\t<meta property=\"og:image:width\" content=\"840\" \/>\n\t<meta property=\"og:image:height\" content=\"420\" \/>\n<meta name=\"twitter:card\" content=\"summary\" \/>\n<meta name=\"twitter:label1\" value=\"Written by\">\n\t<meta name=\"twitter:data1\" value=\"admin\">\n\t<meta name=\"twitter:label2\" value=\"Est. reading time\">\n\t<meta name=\"twitter:data2\" value=\"2 minutes\">\n<script type=\"application\/ld+json\" class=\"yoast-schema-graph\">{\"@context\":\"https:\/\/schema.org\",\"@graph\":[{\"@type\":\"Organization\",\"@id\":\"https:\/\/www.ozkaralar.com\/iplik\/en\/#organization\",\"name\":\"\\u00d6zkaralar \\u0130plik\",\"url\":\"https:\/\/www.ozkaralar.com\/iplik\/en\/\",\"sameAs\":[],\"logo\":{\"@type\":\"ImageObject\",\"@id\":\"https:\/\/www.ozkaralar.com\/iplik\/en\/#logo\",\"inLanguage\":\"en-US\",\"url\":\"http:\/\/www.ozkaralar.com\/iplik\/wp-content\/uploads\/2017\/04\/ozkaralar-iplik-logo-tr-2.png\",\"width\":283,\"height\":79,\"caption\":\"\\u00d6zkaralar \\u0130plik\"},\"image\":{\"@id\":\"https:\/\/www.ozkaralar.com\/iplik\/en\/#logo\"}},{\"@type\":\"WebSite\",\"@id\":\"https:\/\/www.ozkaralar.com\/iplik\/en\/#website\",\"url\":\"https:\/\/www.ozkaralar.com\/iplik\/en\/\",\"name\":\"\\u00d6zkaralar \\u0130plik\",\"description\":\"All Colors Of Nature\",\"publisher\":{\"@id\":\"https:\/\/www.ozkaralar.com\/iplik\/en\/#organization\"},\"potentialAction\":[{\"@type\":\"SearchAction\",\"target\":\"https:\/\/www.ozkaralar.com\/iplik\/en\/?s={search_term_string}\",\"query-input\":\"required name=search_term_string\"}],\"inLanguage\":\"en-US\"},{\"@type\":\"ImageObject\",\"@id\":\"https:\/\/www.ozkaralar.com\/iplik\/ilkelerimiz\/#primaryimage\",\"inLanguage\":\"en-US\",\"url\":\"http:\/\/www.ozkaralar.com\/iplik\/wp-content\/uploads\/2015\/10\/kurumsal1.jpg\",\"width\":840,\"height\":420},{\"@type\":\"WebPage\",\"@id\":\"https:\/\/www.ozkaralar.com\/iplik\/ilkelerimiz\/#webpage\",\"url\":\"https:\/\/www.ozkaralar.com\/iplik\/ilkelerimiz\/\",\"name\":\"[:tr]\\u0130lkelerimiz[:en]Our Policy[:] - \\u00d6zkaralar \\u0130plik\",\"isPartOf\":{\"@id\":\"https:\/\/www.ozkaralar.com\/iplik\/en\/#website\"},\"primaryImageOfPage\":{\"@id\":\"https:\/\/www.ozkaralar.com\/iplik\/ilkelerimiz\/#primaryimage\"},\"datePublished\":\"2017-04-17T07:03:02+00:00\",\"dateModified\":\"2017-05-23T15:44:10+00:00\",\"inLanguage\":\"en-US\",\"potentialAction\":[{\"@type\":\"ReadAction\",\"target\":[\"https:\/\/www.ozkaralar.com\/iplik\/ilkelerimiz\/\"]}]}]}<\/script>\n<!-- \/ Yoast SEO plugin. -->","_links":{"self":[{"href":"http:\/\/www.ozkaralar.com\/iplik\/en\/wp-json\/wp\/v2\/pages\/1116"}],"collection":[{"href":"http:\/\/www.ozkaralar.com\/iplik\/en\/wp-json\/wp\/v2\/pages"}],"about":[{"href":"http:\/\/www.ozkaralar.com\/iplik\/en\/wp-json\/wp\/v2\/types\/page"}],"author":[{"embeddable":true,"href":"http:\/\/www.ozkaralar.com\/iplik\/en\/wp-json\/wp\/v2\/users\/1"}],"replies":[{"embeddable":true,"href":"http:\/\/www.ozkaralar.com\/iplik\/en\/wp-json\/wp\/v2\/comments?post=1116"}],"version-history":[{"count":3,"href":"http:\/\/www.ozkaralar.com\/iplik\/en\/wp-json\/wp\/v2\/pages\/1116\/revisions"}],"predecessor-version":[{"id":1247,"href":"http:\/\/www.ozkaralar.com\/iplik\/en\/wp-json\/wp\/v2\/pages\/1116\/revisions\/1247"}],"wp:featuredmedia":[{"embeddable":true,"href":"http:\/\/www.ozkaralar.com\/iplik\/en\/wp-json\/wp\/v2\/media\/955"}],"wp:attachment":[{"href":"http:\/\/www.ozkaralar.com\/iplik\/en\/wp-json\/wp\/v2\/media?parent=1116"}],"curies":[{"name":"wp","href":"https:\/\/api.w.org\/{rel}","templated":true}]}}