{"id":1145,"date":"2017-04-17T16:52:29","date_gmt":"2017-04-17T13:52:29","guid":{"rendered":"http:\/\/www.ozkaralar.com\/iplik\/?page_id=1145"},"modified":"2017-05-23T19:07:25","modified_gmt":"2017-05-23T16:07:25","slug":"hakkimizda","status":"publish","type":"page","link":"http:\/\/www.ozkaralar.com\/iplik\/en\/hakkimizda\/","title":{"rendered":"About Us"},"content":{"rendered":"<div id=\"pl-1145\"  class=\"panel-layout\" ><div id=\"pg-1145-0\"  class=\"panel-grid panel-no-style\" ><div id=\"pgc-1145-0-0\"  class=\"panel-grid-cell\" ><div id=\"panel-1145-0-0-0\" class=\"so-panel widget widget_sow-editor panel-first-child panel-last-child\" data-index=\"0\" ><div class=\"panel-widget-style panel-widget-style-for-1145-0-0-0\" ><div class=\"so-widget-sow-editor so-widget-sow-editor-base\">\n<div class=\"siteorigin-widget-tinymce textwidget\">\n\t<h2>Our History<\/h2>\n<p><a href=\"http:\/\/www.ozkaralar.com\/iplik\/tarihcemiz\/\"><img loading=\"lazy\" class=\"alignnone size-full wp-image-1146\" src=\"http:\/\/www.ozkaralar.com\/iplik\/wp-content\/uploads\/2017\/04\/tarihcemiz.jpg\" alt=\"\" width=\"960\" height=\"600\" srcset=\"http:\/\/www.ozkaralar.com\/iplik\/wp-content\/uploads\/2017\/04\/tarihcemiz.jpg 960w, http:\/\/www.ozkaralar.com\/iplik\/wp-content\/uploads\/2017\/04\/tarihcemiz-300x188.jpg 300w, http:\/\/www.ozkaralar.com\/iplik\/wp-content\/uploads\/2017\/04\/tarihcemiz-768x480.jpg 768w, http:\/\/www.ozkaralar.com\/iplik\/wp-content\/uploads\/2017\/04\/tarihcemiz-540x338.jpg 540w\" sizes=\"(max-width: 960px) 100vw, 960px\" \/><\/a><\/p>\n<\/div>\n<\/div><\/div><\/div><\/div><div id=\"pgc-1145-0-1\"  class=\"panel-grid-cell\" ><div id=\"panel-1145-0-1-0\" class=\"so-panel widget widget_sow-editor panel-first-child panel-last-child\" data-index=\"1\" ><div class=\"panel-widget-style panel-widget-style-for-1145-0-1-0\" ><div class=\"so-widget-sow-editor so-widget-sow-editor-base\">\n<div class=\"siteorigin-widget-tinymce textwidget\">\n\t<h2>Our Policy<\/h2>\n<p><a href=\"http:\/\/www.ozkaralar.com\/iplik\/ilkelerimiz\/\"><img loading=\"lazy\" class=\"alignnone wp-image-1148 size-full\" src=\"http:\/\/www.ozkaralar.com\/iplik\/wp-content\/uploads\/2017\/04\/ilkelerimiz.jpg\" alt=\"\" width=\"960\" height=\"600\" srcset=\"http:\/\/www.ozkaralar.com\/iplik\/wp-content\/uploads\/2017\/04\/ilkelerimiz.jpg 960w, http:\/\/www.ozkaralar.com\/iplik\/wp-content\/uploads\/2017\/04\/ilkelerimiz-300x188.jpg 300w, http:\/\/www.ozkaralar.com\/iplik\/wp-content\/uploads\/2017\/04\/ilkelerimiz-768x480.jpg 768w, http:\/\/www.ozkaralar.com\/iplik\/wp-content\/uploads\/2017\/04\/ilkelerimiz-540x338.jpg 540w\" sizes=\"(max-width: 960px) 100vw, 960px\" \/><\/a><\/p>\n<\/div>\n<\/div><\/div><\/div><\/div><\/div><div id=\"pg-1145-1\"  class=\"panel-grid panel-no-style\" ><div id=\"pgc-1145-1-0\"  class=\"panel-grid-cell\" ><div id=\"panel-1145-1-0-0\" class=\"so-panel widget widget_sow-editor panel-first-child panel-last-child\" data-index=\"2\" ><div class=\"panel-widget-style panel-widget-style-for-1145-1-0-0\" ><div class=\"so-widget-sow-editor so-widget-sow-editor-base\">\n<div class=\"siteorigin-widget-tinymce textwidget\">\n\t<h2>Our Goal<\/h2>\n<p><a href=\"http:\/\/www.ozkaralar.com\/iplik\/hedefimiz\/\"><img loading=\"lazy\" class=\"alignnone wp-image-1149 size-full\" src=\"http:\/\/www.ozkaralar.com\/iplik\/wp-content\/uploads\/2017\/04\/hedefimiz.jpg\" alt=\"\" width=\"960\" height=\"600\" srcset=\"http:\/\/www.ozkaralar.com\/iplik\/wp-content\/uploads\/2017\/04\/hedefimiz.jpg 960w, http:\/\/www.ozkaralar.com\/iplik\/wp-content\/uploads\/2017\/04\/hedefimiz-300x188.jpg 300w, http:\/\/www.ozkaralar.com\/iplik\/wp-content\/uploads\/2017\/04\/hedefimiz-768x480.jpg 768w, http:\/\/www.ozkaralar.com\/iplik\/wp-content\/uploads\/2017\/04\/hedefimiz-540x338.jpg 540w\" sizes=\"(max-width: 960px) 100vw, 960px\" \/><\/a><\/p>\n<\/div>\n<\/div><\/div><\/div><\/div><div id=\"pgc-1145-1-1\"  class=\"panel-grid-cell\" ><div id=\"panel-1145-1-1-0\" class=\"so-panel widget widget_sow-editor panel-first-child panel-last-child\" data-index=\"3\" ><div class=\"panel-widget-style panel-widget-style-for-1145-1-1-0\" ><div class=\"so-widget-sow-editor so-widget-sow-editor-base\">\n<div class=\"siteorigin-widget-tinymce textwidget\">\n\t<h2>Our Machine Park<\/h2>\n<p><a href=\"http:\/\/www.ozkaralar.com\/iplik\/makina-parkurumuz\/\"><img loading=\"lazy\" class=\"alignnone wp-image-1150 size-full\" src=\"http:\/\/www.ozkaralar.com\/iplik\/wp-content\/uploads\/2017\/04\/makina-parkurumuz.jpg\" alt=\"\" width=\"960\" height=\"600\" srcset=\"http:\/\/www.ozkaralar.com\/iplik\/wp-content\/uploads\/2017\/04\/makina-parkurumuz.jpg 960w, http:\/\/www.ozkaralar.com\/iplik\/wp-content\/uploads\/2017\/04\/makina-parkurumuz-300x188.jpg 300w, http:\/\/www.ozkaralar.com\/iplik\/wp-content\/uploads\/2017\/04\/makina-parkurumuz-768x480.jpg 768w, http:\/\/www.ozkaralar.com\/iplik\/wp-content\/uploads\/2017\/04\/makina-parkurumuz-540x338.jpg 540w\" sizes=\"(max-width: 960px) 100vw, 960px\" \/><\/a><\/p>\n<\/div>\n<\/div><\/div><\/div><\/div><\/div><\/div>","protected":false},"excerpt":{"rendered":"<p>Our History Our Policy Our Goal Our Machine Park<\/p>\n","protected":false},"author":1,"featured_media":0,"parent":0,"menu_order":0,"comment_status":"closed","ping_status":"closed","template":"","meta":[],"acf":[],"yoast_head":"<!-- This site is optimized with the Yoast SEO plugin v15.2 - https:\/\/yoast.com\/wordpress\/plugins\/seo\/ -->\n<title>About Us - \u00d6zkaralar \u0130plik<\/title>\n<meta name=\"robots\" content=\"index, follow, max-snippet:-1, max-image-preview:large, max-video-preview:-1\" \/>\n<link rel=\"canonical\" href=\"https:\/\/www.ozkaralar.com\/iplik\/hakkimizda\/\" \/>\n<meta property=\"og:locale\" content=\"en_US\" \/>\n<meta property=\"og:type\" content=\"article\" \/>\n<meta property=\"og:title\" content=\"[:tr]Hakk\u0131m\u0131zda[:en]About Us[:] - \u00d6zkaralar \u0130plik\" \/>\n<meta property=\"og:description\" content=\"Our History Our Policy Our Goal Our Machine Park\" \/>\n<meta property=\"og:url\" content=\"https:\/\/www.ozkaralar.com\/iplik\/hakkimizda\/\" \/>\n<meta property=\"og:site_name\" content=\"\u00d6zkaralar \u0130plik\" \/>\n<meta property=\"article:modified_time\" content=\"2017-05-23T16:07:25+00:00\" \/>\n<meta property=\"og:image\" content=\"http:\/\/www.yayinlasak.com\/ozkaralar\/iplik\/wp-content\/uploads\/2017\/04\/tarihcemiz.jpg\" \/>\n<meta name=\"twitter:card\" content=\"summary\" \/>\n<meta name=\"twitter:label1\" value=\"Written by\">\n\t<meta name=\"twitter:data1\" value=\"admin\">\n\t<meta name=\"twitter:label2\" value=\"Est. reading time\">\n\t<meta name=\"twitter:data2\" value=\"0 minutes\">\n<script type=\"application\/ld+json\" class=\"yoast-schema-graph\">{\"@context\":\"https:\/\/schema.org\",\"@graph\":[{\"@type\":\"Organization\",\"@id\":\"https:\/\/www.ozkaralar.com\/iplik\/#organization\",\"name\":\"\\u00d6zkaralar \\u0130plik\",\"url\":\"https:\/\/www.ozkaralar.com\/iplik\/\",\"sameAs\":[],\"logo\":{\"@type\":\"ImageObject\",\"@id\":\"https:\/\/www.ozkaralar.com\/iplik\/#logo\",\"inLanguage\":\"en-US\",\"url\":\"http:\/\/www.ozkaralar.com\/iplik\/wp-content\/uploads\/2017\/04\/ozkaralar-iplik-logo-tr-2.png\",\"width\":283,\"height\":79,\"caption\":\"\\u00d6zkaralar \\u0130plik\"},\"image\":{\"@id\":\"https:\/\/www.ozkaralar.com\/iplik\/#logo\"}},{\"@type\":\"WebSite\",\"@id\":\"https:\/\/www.ozkaralar.com\/iplik\/#website\",\"url\":\"https:\/\/www.ozkaralar.com\/iplik\/\",\"name\":\"\\u00d6zkaralar \\u0130plik\",\"description\":\"All Colors Of Nature\",\"publisher\":{\"@id\":\"https:\/\/www.ozkaralar.com\/iplik\/#organization\"},\"potentialAction\":[{\"@type\":\"SearchAction\",\"target\":\"https:\/\/www.ozkaralar.com\/iplik\/?s={search_term_string}\",\"query-input\":\"required name=search_term_string\"}],\"inLanguage\":\"en-US\"},{\"@type\":\"ImageObject\",\"@id\":\"https:\/\/www.ozkaralar.com\/iplik\/hakkimizda\/#primaryimage\",\"inLanguage\":\"en-US\",\"url\":\"http:\/\/www.yayinlasak.com\/ozkaralar\/iplik\/wp-content\/uploads\/2017\/04\/tarihcemiz.jpg\"},{\"@type\":\"WebPage\",\"@id\":\"https:\/\/www.ozkaralar.com\/iplik\/hakkimizda\/#webpage\",\"url\":\"https:\/\/www.ozkaralar.com\/iplik\/hakkimizda\/\",\"name\":\"[:tr]Hakk\\u0131m\\u0131zda[:en]About Us[:] - \\u00d6zkaralar \\u0130plik\",\"isPartOf\":{\"@id\":\"https:\/\/www.ozkaralar.com\/iplik\/#website\"},\"primaryImageOfPage\":{\"@id\":\"https:\/\/www.ozkaralar.com\/iplik\/hakkimizda\/#primaryimage\"},\"datePublished\":\"2017-04-17T13:52:29+00:00\",\"dateModified\":\"2017-05-23T16:07:25+00:00\",\"inLanguage\":\"en-US\",\"potentialAction\":[{\"@type\":\"ReadAction\",\"target\":[\"https:\/\/www.ozkaralar.com\/iplik\/hakkimizda\/\"]}]}]}<\/script>\n<!-- \/ Yoast SEO plugin. -->","_links":{"self":[{"href":"http:\/\/www.ozkaralar.com\/iplik\/en\/wp-json\/wp\/v2\/pages\/1145"}],"collection":[{"href":"http:\/\/www.ozkaralar.com\/iplik\/en\/wp-json\/wp\/v2\/pages"}],"about":[{"href":"http:\/\/www.ozkaralar.com\/iplik\/en\/wp-json\/wp\/v2\/types\/page"}],"author":[{"embeddable":true,"href":"http:\/\/www.ozkaralar.com\/iplik\/en\/wp-json\/wp\/v2\/users\/1"}],"replies":[{"embeddable":true,"href":"http:\/\/www.ozkaralar.com\/iplik\/en\/wp-json\/wp\/v2\/comments?post=1145"}],"version-history":[{"count":12,"href":"http:\/\/www.ozkaralar.com\/iplik\/en\/wp-json\/wp\/v2\/pages\/1145\/revisions"}],"predecessor-version":[{"id":1245,"href":"http:\/\/www.ozkaralar.com\/iplik\/en\/wp-json\/wp\/v2\/pages\/1145\/revisions\/1245"}],"wp:attachment":[{"href":"http:\/\/www.ozkaralar.com\/iplik\/en\/wp-json\/wp\/v2\/media?parent=1145"}],"curies":[{"name":"wp","href":"https:\/\/api.w.org\/{rel}","templated":true}]}}