{"id":1111,"date":"2017-04-17T09:59:38","date_gmt":"2017-04-17T06:59:38","guid":{"rendered":"http:\/\/www.ozkaralar.com\/iplik\/?page_id=1111"},"modified":"2017-05-23T18:48:16","modified_gmt":"2017-05-23T15:48:16","slug":"hedefimiz","status":"publish","type":"page","link":"http:\/\/www.ozkaralar.com\/iplik\/hedefimiz\/","title":{"rendered":"Hedefimiz"},"content":{"rendered":"<div id=\"pl-1111\"  class=\"panel-layout\" ><div id=\"pg-1111-0\"  class=\"panel-grid panel-no-style\" ><div id=\"pgc-1111-0-0\"  class=\"panel-grid-cell\" ><div id=\"panel-1111-0-0-0\" class=\"so-panel widget widget_sow-editor panel-first-child panel-last-child\" data-index=\"0\" ><div class=\"so-widget-sow-editor so-widget-sow-editor-base\">\n<div class=\"siteorigin-widget-tinymce textwidget\">\n\t<h2 class=\"contentheading\">Hedefimiz<\/h2>\n<p> \u00d6zkaralar Tekstil olarak hedefimiz;<br \/> en \u00fcst d\u00fczeyde m\u00fc\u015fteri memnuniyetini, \u00fcr\u00fcn kalitesini, sekt\u00f6r\u00fcn talep etti\u011fi yenilikleri sa\u011flayarak \u00fcretim yap\u0131p,<br \/> <strong>b\u00f6lgesel, ulusal ve ekonomik geli\u015fmeye katk\u0131 sa\u011flamakt\u0131r.<\/strong> <\/p>\n<\/div>\n<\/div><\/div><\/div><div id=\"pgc-1111-0-1\"  class=\"panel-grid-cell\" ><div id=\"panel-1111-0-1-0\" class=\"so-panel widget widget_sow-image panel-first-child panel-last-child\" data-index=\"1\" ><div class=\"so-widget-sow-image so-widget-sow-image-default-4b231843ec72-1111\">\n\n<div class=\"sow-image-container\">\n\t\t<img src=\"http:\/\/www.ozkaralar.com\/iplik\/wp-content\/uploads\/2015\/10\/kurumsal1.jpg\" width=\"840\" height=\"420\" srcset=\"http:\/\/www.ozkaralar.com\/iplik\/wp-content\/uploads\/2015\/10\/kurumsal1.jpg 840w, http:\/\/www.ozkaralar.com\/iplik\/wp-content\/uploads\/2015\/10\/kurumsal1-300x150.jpg 300w, http:\/\/www.ozkaralar.com\/iplik\/wp-content\/uploads\/2015\/10\/kurumsal1-768x384.jpg 768w, http:\/\/www.ozkaralar.com\/iplik\/wp-content\/uploads\/2015\/10\/kurumsal1-540x270.jpg 540w\" sizes=\"(max-width: 840px) 100vw, 840px\" alt=\"\" loading=\"lazy\" \t\tclass=\"so-widget-image\"\/>\n\t<\/div>\n\n<\/div><\/div><\/div><\/div><\/div>","protected":false},"excerpt":{"rendered":"<p>Hedefimiz \u00d6zkaralar Tekstil olarak hedefimiz; en \u00fcst d\u00fczeyde m\u00fc\u015fteri memnuniyetini, \u00fcr\u00fcn kalitesini, sekt\u00f6r\u00fcn talep etti\u011fi yenilikleri sa\u011flayarak \u00fcretim yap\u0131p, b\u00f6lgesel, ulusal ve ekonomik geli\u015fmeye katk\u0131 sa\u011flamakt\u0131r.<\/p>\n","protected":false},"author":1,"featured_media":955,"parent":0,"menu_order":0,"comment_status":"closed","ping_status":"closed","template":"","meta":[],"acf":[],"yoast_head":"<!-- This site is optimized with the Yoast SEO plugin v15.2 - https:\/\/yoast.com\/wordpress\/plugins\/seo\/ -->\n<title>Hedefimiz - \u00d6zkaralar \u0130plik<\/title>\n<meta name=\"robots\" content=\"index, follow, max-snippet:-1, max-image-preview:large, max-video-preview:-1\" \/>\n<link rel=\"canonical\" href=\"http:\/\/www.ozkaralar.com\/iplik\/en\/hedefimiz\/\" \/>\n<meta property=\"og:locale\" content=\"tr_TR\" \/>\n<meta property=\"og:type\" content=\"article\" \/>\n<meta property=\"og:title\" content=\"[:tr]Hedefimiz[:en]Our Goal[:] - \u00d6zkaralar \u0130plik\" \/>\n<meta property=\"og:description\" content=\"Hedefimiz \u00d6zkaralar Tekstil olarak hedefimiz; en \u00fcst d\u00fczeyde m\u00fc\u015fteri memnuniyetini, \u00fcr\u00fcn kalitesini, sekt\u00f6r\u00fcn talep etti\u011fi yenilikleri sa\u011flayarak \u00fcretim yap\u0131p, b\u00f6lgesel, ulusal ve ekonomik geli\u015fmeye katk\u0131 sa\u011flamakt\u0131r.\" \/>\n<meta property=\"og:url\" content=\"http:\/\/www.ozkaralar.com\/iplik\/en\/hedefimiz\/\" \/>\n<meta property=\"og:site_name\" content=\"\u00d6zkaralar \u0130plik\" \/>\n<meta property=\"article:modified_time\" content=\"2017-05-23T15:48:16+00:00\" \/>\n<meta property=\"og:image\" content=\"http:\/\/www.ozkaralar.com\/iplik\/wp-content\/uploads\/2015\/10\/kurumsal1.jpg\" \/>\n\t<meta property=\"og:image:width\" content=\"840\" \/>\n\t<meta property=\"og:image:height\" content=\"420\" \/>\n<meta name=\"twitter:card\" content=\"summary\" \/>\n<meta name=\"twitter:label1\" value=\"Written by\">\n\t<meta name=\"twitter:data1\" value=\"admin\">\n\t<meta name=\"twitter:label2\" value=\"Est. reading time\">\n\t<meta name=\"twitter:data2\" value=\"2 dakika\">\n<script type=\"application\/ld+json\" class=\"yoast-schema-graph\">{\"@context\":\"https:\/\/schema.org\",\"@graph\":[{\"@type\":\"Organization\",\"@id\":\"https:\/\/www.ozkaralar.com\/iplik\/#organization\",\"name\":\"\\u00d6zkaralar \\u0130plik\",\"url\":\"https:\/\/www.ozkaralar.com\/iplik\/\",\"sameAs\":[],\"logo\":{\"@type\":\"ImageObject\",\"@id\":\"https:\/\/www.ozkaralar.com\/iplik\/#logo\",\"inLanguage\":\"tr\",\"url\":\"http:\/\/www.ozkaralar.com\/iplik\/wp-content\/uploads\/2017\/04\/ozkaralar-iplik-logo-tr-2.png\",\"width\":283,\"height\":79,\"caption\":\"\\u00d6zkaralar \\u0130plik\"},\"image\":{\"@id\":\"https:\/\/www.ozkaralar.com\/iplik\/#logo\"}},{\"@type\":\"WebSite\",\"@id\":\"https:\/\/www.ozkaralar.com\/iplik\/#website\",\"url\":\"https:\/\/www.ozkaralar.com\/iplik\/\",\"name\":\"\\u00d6zkaralar \\u0130plik\",\"description\":\"B\\u00fct\\u00fcn\\u00fcyle Do\\u011fan\\u0131n T\\u00fcm Renkleri\",\"publisher\":{\"@id\":\"https:\/\/www.ozkaralar.com\/iplik\/#organization\"},\"potentialAction\":[{\"@type\":\"SearchAction\",\"target\":\"https:\/\/www.ozkaralar.com\/iplik\/?s={search_term_string}\",\"query-input\":\"required name=search_term_string\"}],\"inLanguage\":\"tr\"},{\"@type\":\"ImageObject\",\"@id\":\"http:\/\/www.ozkaralar.com\/iplik\/en\/hedefimiz\/#primaryimage\",\"inLanguage\":\"tr\",\"url\":\"http:\/\/www.ozkaralar.com\/iplik\/wp-content\/uploads\/2015\/10\/kurumsal1.jpg\",\"width\":840,\"height\":420},{\"@type\":\"WebPage\",\"@id\":\"http:\/\/www.ozkaralar.com\/iplik\/en\/hedefimiz\/#webpage\",\"url\":\"http:\/\/www.ozkaralar.com\/iplik\/en\/hedefimiz\/\",\"name\":\"[:tr]Hedefimiz[:en]Our Goal[:] - \\u00d6zkaralar \\u0130plik\",\"isPartOf\":{\"@id\":\"https:\/\/www.ozkaralar.com\/iplik\/#website\"},\"primaryImageOfPage\":{\"@id\":\"http:\/\/www.ozkaralar.com\/iplik\/en\/hedefimiz\/#primaryimage\"},\"datePublished\":\"2017-04-17T06:59:38+00:00\",\"dateModified\":\"2017-05-23T15:48:16+00:00\",\"inLanguage\":\"tr\",\"potentialAction\":[{\"@type\":\"ReadAction\",\"target\":[\"http:\/\/www.ozkaralar.com\/iplik\/en\/hedefimiz\/\"]}]}]}<\/script>\n<!-- \/ Yoast SEO plugin. -->","_links":{"self":[{"href":"http:\/\/www.ozkaralar.com\/iplik\/wp-json\/wp\/v2\/pages\/1111"}],"collection":[{"href":"http:\/\/www.ozkaralar.com\/iplik\/wp-json\/wp\/v2\/pages"}],"about":[{"href":"http:\/\/www.ozkaralar.com\/iplik\/wp-json\/wp\/v2\/types\/page"}],"author":[{"embeddable":true,"href":"http:\/\/www.ozkaralar.com\/iplik\/wp-json\/wp\/v2\/users\/1"}],"replies":[{"embeddable":true,"href":"http:\/\/www.ozkaralar.com\/iplik\/wp-json\/wp\/v2\/comments?post=1111"}],"version-history":[{"count":3,"href":"http:\/\/www.ozkaralar.com\/iplik\/wp-json\/wp\/v2\/pages\/1111\/revisions"}],"predecessor-version":[{"id":1248,"href":"http:\/\/www.ozkaralar.com\/iplik\/wp-json\/wp\/v2\/pages\/1111\/revisions\/1248"}],"wp:featuredmedia":[{"embeddable":true,"href":"http:\/\/www.ozkaralar.com\/iplik\/wp-json\/wp\/v2\/media\/955"}],"wp:attachment":[{"href":"http:\/\/www.ozkaralar.com\/iplik\/wp-json\/wp\/v2\/media?parent=1111"}],"curies":[{"name":"wp","href":"https:\/\/api.w.org\/{rel}","templated":true}]}}