{"id":991,"date":"2017-04-05T12:27:28","date_gmt":"2017-04-05T09:27:28","guid":{"rendered":"http:\/\/localhost:8888\/ozkaralar\/iplik\/?page_id=991"},"modified":"2017-05-23T19:10:01","modified_gmt":"2017-05-23T16:10:01","slug":"tarihcemiz","status":"publish","type":"page","link":"http:\/\/www.ozkaralar.com\/iplik\/tarihcemiz\/","title":{"rendered":"Tarih\u00e7emiz"},"content":{"rendered":"<div id=\"pl-991\"  class=\"panel-layout\" ><div id=\"pg-991-0\"  class=\"panel-grid panel-no-style\" ><div id=\"pgc-991-0-0\"  class=\"panel-grid-cell\" ><div id=\"panel-991-0-0-0\" class=\"so-panel widget widget_sow-editor panel-first-child panel-last-child\" data-index=\"0\" ><div class=\"so-widget-sow-editor so-widget-sow-editor-base\">\n<div class=\"siteorigin-widget-tinymce textwidget\">\n\t<h2 class=\"contentheading\">Tarih\u00e7emiz<\/h2>\n<\/p>\n<p>1964 y\u0131l\u0131nda ticaret ve sanayi hayat\u0131na ba\u015flayan \u015firketimiz, 2012 y\u0131l\u0131nda, ayl\u0131k 525 ton \u00fcretim kapasitesi, sekt\u00f6r\u00fcn\u00fcn tecr\u00fcbeli \u00e7al\u0131\u015fanlar\u0131 ve son teknoloji makinalar\u0131 ile polypropylene iplik \u00fcretimine ba\u015flam\u0131\u015ft\u0131r.<\/p>\n<p>2015 y\u0131l\u0131nda ek bir yat\u0131r\u0131m ile kapasitesini ayl\u0131k 825 tona \u00e7\u0131karm\u0131\u015ft\u0131r.<\/p>\n<p>2016 y\u0131l\u0131nda ise son yat\u0131r\u0131m\u0131n\u0131 yaparak <strong>ayl\u0131k 1050 tonluk \u00fcretim<\/strong> kapasitesine ula\u015fm\u0131\u015ft\u0131r.<\/p><\/p>\n<\/div>\n<\/div><\/div><\/div><div id=\"pgc-991-0-1\"  class=\"panel-grid-cell\" ><div id=\"panel-991-0-1-0\" class=\"so-panel widget widget_sow-image panel-first-child panel-last-child\" data-index=\"1\" ><div class=\"so-widget-sow-image so-widget-sow-image-default-4b231843ec72-991\">\n\n<div class=\"sow-image-container\">\n\t\t<img src=\"http:\/\/www.ozkaralar.com\/iplik\/wp-content\/uploads\/2015\/10\/kurumsal1.jpg\" width=\"840\" height=\"420\" srcset=\"http:\/\/www.ozkaralar.com\/iplik\/wp-content\/uploads\/2015\/10\/kurumsal1.jpg 840w, http:\/\/www.ozkaralar.com\/iplik\/wp-content\/uploads\/2015\/10\/kurumsal1-300x150.jpg 300w, http:\/\/www.ozkaralar.com\/iplik\/wp-content\/uploads\/2015\/10\/kurumsal1-768x384.jpg 768w, http:\/\/www.ozkaralar.com\/iplik\/wp-content\/uploads\/2015\/10\/kurumsal1-540x270.jpg 540w\" sizes=\"(max-width: 840px) 100vw, 840px\" alt=\"\" loading=\"lazy\" \t\tclass=\"so-widget-image\"\/>\n\t<\/div>\n\n<\/div><\/div><\/div><\/div><div id=\"pg-991-1\"  class=\"panel-grid panel-no-style\" ><div id=\"pgc-991-1-0\"  class=\"panel-grid-cell\" ><div id=\"panel-991-1-0-0\" class=\"so-panel widget widget_sow-editor panel-first-child panel-last-child\" data-index=\"2\" ><div class=\"so-widget-sow-editor so-widget-sow-editor-base\">\n<div class=\"siteorigin-widget-tinymce textwidget\">\n\t<hr \/>\n<\/div>\n<\/div><\/div><\/div><\/div><\/div>","protected":false},"excerpt":{"rendered":"<p>Tarih\u00e7emiz1964 y\u0131l\u0131nda ticaret ve sanayi hayat\u0131na ba\u015flayan \u015firketimiz, 2012 y\u0131l\u0131nda, ayl\u0131k 525 ton \u00fcretim kapasitesi, sekt\u00f6r\u00fcn\u00fcn tecr\u00fcbeli \u00e7al\u0131\u015fanlar\u0131 ve son teknoloji makinalar\u0131 ile polypropylene iplik \u00fcretimine ba\u015flam\u0131\u015ft\u0131r.2015 y\u0131l\u0131nda ek bir yat\u0131r\u0131m ile kapasitesini ayl\u0131k 825 tona \u00e7\u0131karm\u0131\u015ft\u0131r.2016 y\u0131l\u0131nda ise son yat\u0131r\u0131m\u0131n\u0131 yaparak ayl\u0131k 1050 tonluk \u00fcretim kapasitesine ula\u015fm\u0131\u015ft\u0131r.<\/p>\n","protected":false},"author":1,"featured_media":955,"parent":0,"menu_order":0,"comment_status":"closed","ping_status":"closed","template":"","meta":[],"acf":[],"yoast_head":"<!-- This site is optimized with the Yoast SEO plugin v15.2 - https:\/\/yoast.com\/wordpress\/plugins\/seo\/ -->\n<title>Tarih\u00e7emiz - \u00d6zkaralar \u0130plik<\/title>\n<meta name=\"robots\" content=\"index, follow, max-snippet:-1, max-image-preview:large, max-video-preview:-1\" \/>\n<link rel=\"canonical\" href=\"https:\/\/www.ozkaralar.com\/iplik\/tarihcemiz\/\" \/>\n<meta property=\"og:locale\" content=\"tr_TR\" \/>\n<meta property=\"og:type\" content=\"article\" \/>\n<meta property=\"og:title\" content=\"[:tr]Tarih\u00e7emiz[:en]Our History[:] - \u00d6zkaralar \u0130plik\" \/>\n<meta property=\"og:description\" content=\"Tarih\u00e7emiz1964 y\u0131l\u0131nda ticaret ve sanayi hayat\u0131na ba\u015flayan \u015firketimiz, 2012 y\u0131l\u0131nda, ayl\u0131k 525 ton \u00fcretim kapasitesi, sekt\u00f6r\u00fcn\u00fcn tecr\u00fcbeli \u00e7al\u0131\u015fanlar\u0131 ve son teknoloji makinalar\u0131 ile polypropylene iplik \u00fcretimine ba\u015flam\u0131\u015ft\u0131r.2015 y\u0131l\u0131nda ek bir yat\u0131r\u0131m ile kapasitesini ayl\u0131k 825 tona \u00e7\u0131karm\u0131\u015ft\u0131r.2016 y\u0131l\u0131nda ise son yat\u0131r\u0131m\u0131n\u0131 yaparak ayl\u0131k 1050 tonluk \u00fcretim kapasitesine ula\u015fm\u0131\u015ft\u0131r.\" \/>\n<meta property=\"og:url\" content=\"https:\/\/www.ozkaralar.com\/iplik\/tarihcemiz\/\" \/>\n<meta property=\"og:site_name\" content=\"\u00d6zkaralar \u0130plik\" \/>\n<meta property=\"article:modified_time\" content=\"2017-05-23T16:10:01+00:00\" \/>\n<meta property=\"og:image\" content=\"http:\/\/www.ozkaralar.com\/iplik\/wp-content\/uploads\/2015\/10\/kurumsal1.jpg\" \/>\n\t<meta property=\"og:image:width\" content=\"840\" \/>\n\t<meta property=\"og:image:height\" content=\"420\" \/>\n<meta name=\"twitter:card\" content=\"summary\" \/>\n<meta name=\"twitter:label1\" value=\"Written by\">\n\t<meta name=\"twitter:data1\" value=\"admin\">\n\t<meta name=\"twitter:label2\" value=\"Est. reading time\">\n\t<meta name=\"twitter:data2\" value=\"3 dakika\">\n<script type=\"application\/ld+json\" class=\"yoast-schema-graph\">{\"@context\":\"https:\/\/schema.org\",\"@graph\":[{\"@type\":\"Organization\",\"@id\":\"https:\/\/www.ozkaralar.com\/iplik\/#organization\",\"name\":\"\\u00d6zkaralar \\u0130plik\",\"url\":\"https:\/\/www.ozkaralar.com\/iplik\/\",\"sameAs\":[],\"logo\":{\"@type\":\"ImageObject\",\"@id\":\"https:\/\/www.ozkaralar.com\/iplik\/#logo\",\"inLanguage\":\"tr\",\"url\":\"http:\/\/www.ozkaralar.com\/iplik\/wp-content\/uploads\/2017\/04\/ozkaralar-iplik-logo-tr-2.png\",\"width\":283,\"height\":79,\"caption\":\"\\u00d6zkaralar \\u0130plik\"},\"image\":{\"@id\":\"https:\/\/www.ozkaralar.com\/iplik\/#logo\"}},{\"@type\":\"WebSite\",\"@id\":\"https:\/\/www.ozkaralar.com\/iplik\/#website\",\"url\":\"https:\/\/www.ozkaralar.com\/iplik\/\",\"name\":\"\\u00d6zkaralar \\u0130plik\",\"description\":\"B\\u00fct\\u00fcn\\u00fcyle Do\\u011fan\\u0131n T\\u00fcm Renkleri\",\"publisher\":{\"@id\":\"https:\/\/www.ozkaralar.com\/iplik\/#organization\"},\"potentialAction\":[{\"@type\":\"SearchAction\",\"target\":\"https:\/\/www.ozkaralar.com\/iplik\/?s={search_term_string}\",\"query-input\":\"required name=search_term_string\"}],\"inLanguage\":\"tr\"},{\"@type\":\"ImageObject\",\"@id\":\"https:\/\/www.ozkaralar.com\/iplik\/tarihcemiz\/#primaryimage\",\"inLanguage\":\"tr\",\"url\":\"http:\/\/www.ozkaralar.com\/iplik\/wp-content\/uploads\/2015\/10\/kurumsal1.jpg\",\"width\":840,\"height\":420},{\"@type\":\"WebPage\",\"@id\":\"https:\/\/www.ozkaralar.com\/iplik\/tarihcemiz\/#webpage\",\"url\":\"https:\/\/www.ozkaralar.com\/iplik\/tarihcemiz\/\",\"name\":\"[:tr]Tarih\\u00e7emiz[:en]Our History[:] - \\u00d6zkaralar \\u0130plik\",\"isPartOf\":{\"@id\":\"https:\/\/www.ozkaralar.com\/iplik\/#website\"},\"primaryImageOfPage\":{\"@id\":\"https:\/\/www.ozkaralar.com\/iplik\/tarihcemiz\/#primaryimage\"},\"datePublished\":\"2017-04-05T09:27:28+00:00\",\"dateModified\":\"2017-05-23T16:10:01+00:00\",\"inLanguage\":\"tr\",\"potentialAction\":[{\"@type\":\"ReadAction\",\"target\":[\"https:\/\/www.ozkaralar.com\/iplik\/tarihcemiz\/\"]}]}]}<\/script>\n<!-- \/ Yoast SEO plugin. -->","_links":{"self":[{"href":"http:\/\/www.ozkaralar.com\/iplik\/wp-json\/wp\/v2\/pages\/991"}],"collection":[{"href":"http:\/\/www.ozkaralar.com\/iplik\/wp-json\/wp\/v2\/pages"}],"about":[{"href":"http:\/\/www.ozkaralar.com\/iplik\/wp-json\/wp\/v2\/types\/page"}],"author":[{"embeddable":true,"href":"http:\/\/www.ozkaralar.com\/iplik\/wp-json\/wp\/v2\/users\/1"}],"replies":[{"embeddable":true,"href":"http:\/\/www.ozkaralar.com\/iplik\/wp-json\/wp\/v2\/comments?post=991"}],"version-history":[{"count":7,"href":"http:\/\/www.ozkaralar.com\/iplik\/wp-json\/wp\/v2\/pages\/991\/revisions"}],"predecessor-version":[{"id":1250,"href":"http:\/\/www.ozkaralar.com\/iplik\/wp-json\/wp\/v2\/pages\/991\/revisions\/1250"}],"wp:featuredmedia":[{"embeddable":true,"href":"http:\/\/www.ozkaralar.com\/iplik\/wp-json\/wp\/v2\/media\/955"}],"wp:attachment":[{"href":"http:\/\/www.ozkaralar.com\/iplik\/wp-json\/wp\/v2\/media?parent=991"}],"curies":[{"name":"wp","href":"https:\/\/api.w.org\/{rel}","templated":true}]}}