{"id":38,"date":"2015-10-22T05:46:58","date_gmt":"2015-10-22T05:46:58","guid":{"rendered":"http:\/\/xml-io.proteusthemes.com\/structurepress\/?page_id=38"},"modified":"2017-05-24T09:09:51","modified_gmt":"2017-05-24T06:09:51","slug":"iletisim","status":"publish","type":"page","link":"https:\/\/www.ozkaralar.com\/iplik\/en\/iletisim\/","title":{"rendered":"Contact"},"content":{"rendered":"<div id=\"pl-38\"  class=\"panel-layout\" ><div id=\"pg-38-0\"  class=\"panel-grid panel-no-style\" ><div id=\"pgc-38-0-0\"  class=\"panel-grid-cell\" ><div id=\"panel-38-0-0-0\" class=\"so-panel widget widget_pw_contact_profile widget-contact-profile panel-first-child panel-last-child\" data-index=\"0\" >\t\t\t\t<div class=\"card  contact-profile\">\n\t\t\t\t\t\t\t\t\t\t\t<img class=\"contact-profile__image  wp-post-image\" src=\"http:\/\/www.yayinlasak.com\/ozkaralar\/iplik\/wp-content\/uploads\/2017\/04\/logo-foother.png\" alt=\"Picture of \">\n\t\t\t\t\t\t\t\t\t\t<div class=\"card-block  contact-profile__container\">\n\t\t\t\t\t\t\t\t\t\t\t\t\t<div class=\"contact-profile__social-icons\">\n\t\t\t\t\t\t\t\t\t\t\t\t\t\t\t\t\t<a class=\"contact-profile__social-icon\" href=\"https:\/\/www.facebook.com\/\" target=\"_self\"><i class=\"fa  fa-facebook-square\"><\/i><\/a>\n\t\t\t\t\t\t\t\t\t\t\t\t\t\t\t\t\t<a class=\"contact-profile__social-icon\" href=\"https:\/\/twitter.com\/\" target=\"_self\"><i class=\"fa  fa-twitter-square\"><\/i><\/a>\n\t\t\t\t\t\t\t\t\t\t\t\t\t\t\t\t\t<a class=\"contact-profile__social-icon\" href=\"https:\/\/www.youtube.com\/\" target=\"_self\"><i class=\"fa  fa-youtube-square\"><\/i><\/a>\n\t\t\t\t\t\t\t\t\t\t\t\t\t\t\t<\/div>\n\t\t\t\t\t\t\t\t\t\t\t\t\t\t\t\t\t\t\t<div class=\"contact-profile__items\">\n\t\t\t\t\t\t\t\t\t\t\t\t\t\t\t\t\t<div class=\"contact-profile__item\">\n\t\t\t\t\t\t\t\t\t\t<div class=\"contact-profile__icon\">\n\t\t\t\t\t\t\t\t\t\t\t<i class=\"fa  fa-map-marker\"><\/i>\n\t\t\t\t\t\t\t\t\t\t<\/div>\n\t\t\t\t\t\t\t\t\t\t<p class=\"contact-profile__text\">\n\t\t\t\t\t\t\t\t\t\t\t3. Organize Sanayi B\u00f6lgesi 83303 Nolu Cadde. No:10 Ba\u015fp\u0131nar \/ Gaziantep\t\t\t\t\t\t\t\t\t\t<\/p>\n\t\t\t\t\t\t\t\t\t<\/div>\n\t\t\t\t\t\t\t\t\t\t\t\t\t\t\t\t\t<div class=\"contact-profile__item\">\n\t\t\t\t\t\t\t\t\t\t<div class=\"contact-profile__icon\">\n\t\t\t\t\t\t\t\t\t\t\t<i class=\"fa  fa-phone\"><\/i>\n\t\t\t\t\t\t\t\t\t\t<\/div>\n\t\t\t\t\t\t\t\t\t\t<p class=\"contact-profile__text\">\n\t\t\t\t\t\t\t\t\t\t\t+90 342 337 89 39 - 40\t\t\t\t\t\t\t\t\t\t<\/p>\n\t\t\t\t\t\t\t\t\t<\/div>\n\t\t\t\t\t\t\t\t\t\t\t\t\t\t\t\t\t<div class=\"contact-profile__item\">\n\t\t\t\t\t\t\t\t\t\t<div class=\"contact-profile__icon\">\n\t\t\t\t\t\t\t\t\t\t\t<i class=\"fa  fa-print\"><\/i>\n\t\t\t\t\t\t\t\t\t\t<\/div>\n\t\t\t\t\t\t\t\t\t\t<p class=\"contact-profile__text\">\n\t\t\t\t\t\t\t\t\t\t\t+90 342 337 89 09\t\t\t\t\t\t\t\t\t\t<\/p>\n\t\t\t\t\t\t\t\t\t<\/div>\n\t\t\t\t\t\t\t\t\t\t\t\t\t\t\t\t\t<div class=\"contact-profile__item\">\n\t\t\t\t\t\t\t\t\t\t<div class=\"contact-profile__icon\">\n\t\t\t\t\t\t\t\t\t\t\t<i class=\"fa  fa-envelope\"><\/i>\n\t\t\t\t\t\t\t\t\t\t<\/div>\n\t\t\t\t\t\t\t\t\t\t<p class=\"contact-profile__text\">\n\t\t\t\t\t\t\t\t\t\t\tinfo@ozkaralar.com\t\t\t\t\t\t\t\t\t\t<\/p>\n\t\t\t\t\t\t\t\t\t<\/div>\n\t\t\t\t\t\t\t\t\t\t\t\t\t\t\t<\/div>\n\t\t\t\t\t\t\t\t\t\t\t\t<div class=\"contact-profile__content\">\n\t\t\t\t\t\t\t\t\t\t\t\t\t<\/div>\n\t\t\t\t\t<\/div>\n\t\t\t\t<\/div>\n\n\t\t\t<\/div><\/div><div id=\"pgc-38-0-1\"  class=\"panel-grid-cell\" ><div id=\"panel-38-0-1-0\" class=\"so-panel widget widget_sow-google-map panel-first-child panel-last-child\" data-index=\"1\" ><div class=\"so-widget-sow-google-map so-widget-sow-google-map-default-6b23895f316e-38\">\n<div class=\"sow-google-map-canvas\"\n\tstyle=\"\"\n\tid=\"map-canvas-cf7fc753eb650f2c3562afe005d8597d\"\n\tdata-options=\"{&quot;address&quot;:&quot;37.1708563,37.3345411&quot;,&quot;zoom&quot;:12,&quot;mobileZoom&quot;:12,&quot;gestureHandling&quot;:&quot;greedy&quot;,&quot;disableUi&quot;:false,&quot;keepCentered&quot;:false,&quot;markerIcon&quot;:&quot;&quot;,&quot;markersDraggable&quot;:false,&quot;markerAtCenter&quot;:true,&quot;markerInfoDisplay&quot;:&quot;click&quot;,&quot;markerInfoMultiple&quot;:true,&quot;markerPositions&quot;:&quot;&quot;,&quot;mapName&quot;:&quot;&quot;,&quot;mapStyles&quot;:&quot;&quot;,&quot;directions&quot;:{&quot;origin&quot;:&quot;37.1708563&quot;,&quot;destination&quot;:&quot;37.3345411&quot;,&quot;travelMode&quot;:&quot;driving&quot;,&quot;soFieldContainerState&quot;:&quot;open&quot;,&quot;avoidHighways&quot;:false,&quot;avoidTolls&quot;:false,&quot;optimizeWaypoints&quot;:false,&quot;preserveViewport&quot;:&quot;&quot;},&quot;apiKey&quot;:&quot;AIzaSyAFFeD8L0y8PhVhE6GdyM0Zto2z0oGifjQ&quot;,&quot;breakpoint&quot;:780}\"\n\tdata-fallback-image=\"{&quot;img&quot;:&quot;&quot;}\"><\/div>\n<\/div><\/div><\/div><\/div><div id=\"pg-38-1\"  class=\"panel-grid panel-has-style\" ><div class=\"siteorigin-panels-stretch panel-row-style panel-row-style-for-38-1\" data-stretch-type=\"full-stretched\" ><div id=\"pgc-38-1-0\"  class=\"panel-grid-cell panel-grid-cell-empty\" ><\/div><\/div><\/div><\/div>","protected":false},"excerpt":{"rendered":"<p>3. Organize Sanayi B\u00f6lgesi 83303 Nolu Cadde. No:10 Ba\u015fp\u0131nar \/ Gaziantep +90 342 337 89 39 &#8211; 40 +90 342 337 89 09 info@ozkaralar.com<\/p>\n","protected":false},"author":1,"featured_media":0,"parent":0,"menu_order":0,"comment_status":"closed","ping_status":"closed","template":"","meta":[],"acf":[],"yoast_head":"<!-- This site is optimized with the Yoast SEO plugin v15.2 - https:\/\/yoast.com\/wordpress\/plugins\/seo\/ -->\n<title>Contact - \u00d6zkaralar \u0130plik<\/title>\n<meta name=\"robots\" content=\"index, follow, max-snippet:-1, max-image-preview:large, max-video-preview:-1\" \/>\n<link rel=\"canonical\" href=\"https:\/\/www.ozkaralar.com\/iplik\/en\/iletisim\/\" \/>\n<meta property=\"og:locale\" content=\"en_US\" \/>\n<meta property=\"og:type\" content=\"article\" \/>\n<meta property=\"og:title\" content=\"[:tr]\u0130leti\u015fim[:en]Contact[:] - \u00d6zkaralar \u0130plik\" \/>\n<meta property=\"og:description\" content=\"3. Organize Sanayi B\u00f6lgesi 83303 Nolu Cadde. No:10 Ba\u015fp\u0131nar \/ Gaziantep +90 342 337 89 39 - 40 +90 342 337 89 09 info@ozkaralar.com\" \/>\n<meta property=\"og:url\" content=\"https:\/\/www.ozkaralar.com\/iplik\/en\/iletisim\/\" \/>\n<meta property=\"og:site_name\" content=\"\u00d6zkaralar \u0130plik\" \/>\n<meta property=\"article:modified_time\" content=\"2017-05-24T06:09:51+00:00\" \/>\n<meta property=\"og:image\" content=\"http:\/\/www.ozkaralar.com\/iplik\/wp-content\/uploads\/2017\/04\/logo-foother.png\" \/>\n<meta name=\"twitter:card\" content=\"summary\" \/>\n<meta name=\"twitter:label1\" value=\"Written by\">\n\t<meta name=\"twitter:data1\" value=\"admin\">\n\t<meta name=\"twitter:label2\" value=\"Est. reading time\">\n\t<meta name=\"twitter:data2\" value=\"0 minutes\">\n<script type=\"application\/ld+json\" class=\"yoast-schema-graph\">{\"@context\":\"https:\/\/schema.org\",\"@graph\":[{\"@type\":\"Organization\",\"@id\":\"https:\/\/www.ozkaralar.com\/iplik\/en\/#organization\",\"name\":\"\\u00d6zkaralar \\u0130plik\",\"url\":\"https:\/\/www.ozkaralar.com\/iplik\/en\/\",\"sameAs\":[],\"logo\":{\"@type\":\"ImageObject\",\"@id\":\"https:\/\/www.ozkaralar.com\/iplik\/en\/#logo\",\"inLanguage\":\"en-US\",\"url\":\"https:\/\/www.ozkaralar.com\/iplik\/wp-content\/uploads\/2017\/04\/ozkaralar-iplik-logo-tr-2.png\",\"width\":283,\"height\":79,\"caption\":\"\\u00d6zkaralar \\u0130plik\"},\"image\":{\"@id\":\"https:\/\/www.ozkaralar.com\/iplik\/en\/#logo\"}},{\"@type\":\"WebSite\",\"@id\":\"https:\/\/www.ozkaralar.com\/iplik\/en\/#website\",\"url\":\"https:\/\/www.ozkaralar.com\/iplik\/en\/\",\"name\":\"\\u00d6zkaralar \\u0130plik\",\"description\":\"All Colors Of Nature\",\"publisher\":{\"@id\":\"https:\/\/www.ozkaralar.com\/iplik\/en\/#organization\"},\"potentialAction\":[{\"@type\":\"SearchAction\",\"target\":\"https:\/\/www.ozkaralar.com\/iplik\/en\/?s={search_term_string}\",\"query-input\":\"required name=search_term_string\"}],\"inLanguage\":\"en-US\"},{\"@type\":\"ImageObject\",\"@id\":\"https:\/\/www.ozkaralar.com\/iplik\/en\/iletisim\/#primaryimage\",\"inLanguage\":\"en-US\",\"url\":\"http:\/\/www.ozkaralar.com\/iplik\/wp-content\/uploads\/2017\/04\/logo-foother.png\"},{\"@type\":\"WebPage\",\"@id\":\"https:\/\/www.ozkaralar.com\/iplik\/en\/iletisim\/#webpage\",\"url\":\"https:\/\/www.ozkaralar.com\/iplik\/en\/iletisim\/\",\"name\":\"[:tr]\\u0130leti\\u015fim[:en]Contact[:] - \\u00d6zkaralar \\u0130plik\",\"isPartOf\":{\"@id\":\"https:\/\/www.ozkaralar.com\/iplik\/en\/#website\"},\"primaryImageOfPage\":{\"@id\":\"https:\/\/www.ozkaralar.com\/iplik\/en\/iletisim\/#primaryimage\"},\"datePublished\":\"2015-10-22T05:46:58+00:00\",\"dateModified\":\"2017-05-24T06:09:51+00:00\",\"inLanguage\":\"en-US\",\"potentialAction\":[{\"@type\":\"ReadAction\",\"target\":[\"https:\/\/www.ozkaralar.com\/iplik\/en\/iletisim\/\"]}]}]}<\/script>\n<!-- \/ Yoast SEO plugin. -->","_links":{"self":[{"href":"https:\/\/www.ozkaralar.com\/iplik\/en\/wp-json\/wp\/v2\/pages\/38"}],"collection":[{"href":"https:\/\/www.ozkaralar.com\/iplik\/en\/wp-json\/wp\/v2\/pages"}],"about":[{"href":"https:\/\/www.ozkaralar.com\/iplik\/en\/wp-json\/wp\/v2\/types\/page"}],"author":[{"embeddable":true,"href":"https:\/\/www.ozkaralar.com\/iplik\/en\/wp-json\/wp\/v2\/users\/1"}],"replies":[{"embeddable":true,"href":"https:\/\/www.ozkaralar.com\/iplik\/en\/wp-json\/wp\/v2\/comments?post=38"}],"version-history":[{"count":6,"href":"https:\/\/www.ozkaralar.com\/iplik\/en\/wp-json\/wp\/v2\/pages\/38\/revisions"}],"predecessor-version":[{"id":1256,"href":"https:\/\/www.ozkaralar.com\/iplik\/en\/wp-json\/wp\/v2\/pages\/38\/revisions\/1256"}],"wp:attachment":[{"href":"https:\/\/www.ozkaralar.com\/iplik\/en\/wp-json\/wp\/v2\/media?parent=38"}],"curies":[{"name":"wp","href":"https:\/\/api.w.org\/{rel}","templated":true}]}}