{"id":1001,"date":"2017-04-05T12:58:29","date_gmt":"2017-04-05T09:58:29","guid":{"rendered":"http:\/\/localhost:8888\/ozkaralar\/iplik\/?page_id=1001"},"modified":"2017-05-24T09:04:17","modified_gmt":"2017-05-24T06:04:17","slug":"tanitim-filmi","status":"publish","type":"page","link":"https:\/\/www.ozkaralar.com\/iplik\/tanitim-filmi\/","title":{"rendered":"Tan\u0131t\u0131m Filmi"},"content":{"rendered":"<div id=\"pl-1001\"  class=\"panel-layout\" ><div id=\"pg-1001-0\"  class=\"panel-grid panel-no-style\" ><div id=\"pgc-1001-0-0\"  class=\"panel-grid-cell\" ><div id=\"panel-1001-0-0-0\" class=\"so-panel widget widget_sow-editor panel-first-child panel-last-child\" data-index=\"0\" ><div class=\"so-widget-sow-editor so-widget-sow-editor-base\">\n<div class=\"siteorigin-widget-tinymce textwidget\">\n\t<div class=\"embed-responsive  embed-responsive-16by9\"><iframe width=\"1140\" height=\"641\" src=\"https:\/\/www.youtube.com\/embed\/4S88c_us22o?feature=oembed\" frameborder=\"0\" allowfullscreen><\/iframe><\/div>\n<\/div>\n<\/div><\/div><\/div><\/div><\/div>","protected":false},"excerpt":{"rendered":"<p>https:\/\/www.youtube.com\/watch?v=4S88c_us22o<\/p>\n","protected":false},"author":1,"featured_media":0,"parent":0,"menu_order":0,"comment_status":"closed","ping_status":"closed","template":"","meta":[],"acf":[],"yoast_head":"<!-- This site is optimized with the Yoast SEO plugin v15.2 - https:\/\/yoast.com\/wordpress\/plugins\/seo\/ -->\n<title>Tan\u0131t\u0131m Filmi - \u00d6zkaralar \u0130plik<\/title>\n<meta name=\"robots\" content=\"index, follow, max-snippet:-1, max-image-preview:large, max-video-preview:-1\" \/>\n<link rel=\"canonical\" href=\"https:\/\/www.ozkaralar.com\/iplik\/en\/tanitim-filmi\/\" \/>\n<meta property=\"og:locale\" content=\"tr_TR\" \/>\n<meta property=\"og:type\" content=\"article\" \/>\n<meta property=\"og:title\" content=\"[:tr]Tan\u0131t\u0131m Filmi[:en]Introduction Film[:] - \u00d6zkaralar \u0130plik\" \/>\n<meta property=\"og:description\" content=\"https:\/\/www.youtube.com\/watch?v=4S88c_us22o\" \/>\n<meta property=\"og:url\" content=\"https:\/\/www.ozkaralar.com\/iplik\/en\/tanitim-filmi\/\" \/>\n<meta property=\"og:site_name\" content=\"\u00d6zkaralar \u0130plik\" \/>\n<meta property=\"article:modified_time\" content=\"2017-05-24T06:04:17+00:00\" \/>\n<meta name=\"twitter:card\" content=\"summary\" \/>\n<meta name=\"twitter:label1\" value=\"Written by\">\n\t<meta name=\"twitter:data1\" value=\"admin\">\n\t<meta name=\"twitter:label2\" value=\"Est. reading time\">\n\t<meta name=\"twitter:data2\" value=\"0 dakika\">\n<script type=\"application\/ld+json\" class=\"yoast-schema-graph\">{\"@context\":\"https:\/\/schema.org\",\"@graph\":[{\"@type\":\"Organization\",\"@id\":\"https:\/\/www.ozkaralar.com\/iplik\/en\/#organization\",\"name\":\"\\u00d6zkaralar \\u0130plik\",\"url\":\"https:\/\/www.ozkaralar.com\/iplik\/en\/\",\"sameAs\":[],\"logo\":{\"@type\":\"ImageObject\",\"@id\":\"https:\/\/www.ozkaralar.com\/iplik\/en\/#logo\",\"inLanguage\":\"tr\",\"url\":\"https:\/\/www.ozkaralar.com\/iplik\/wp-content\/uploads\/2017\/04\/ozkaralar-iplik-logo-tr-2.png\",\"width\":283,\"height\":79,\"caption\":\"\\u00d6zkaralar \\u0130plik\"},\"image\":{\"@id\":\"https:\/\/www.ozkaralar.com\/iplik\/en\/#logo\"}},{\"@type\":\"WebSite\",\"@id\":\"https:\/\/www.ozkaralar.com\/iplik\/en\/#website\",\"url\":\"https:\/\/www.ozkaralar.com\/iplik\/en\/\",\"name\":\"\\u00d6zkaralar \\u0130plik\",\"description\":\"B\\u00fct\\u00fcn\\u00fcyle Do\\u011fan\\u0131n T\\u00fcm Renkleri\",\"publisher\":{\"@id\":\"https:\/\/www.ozkaralar.com\/iplik\/en\/#organization\"},\"potentialAction\":[{\"@type\":\"SearchAction\",\"target\":\"https:\/\/www.ozkaralar.com\/iplik\/en\/?s={search_term_string}\",\"query-input\":\"required name=search_term_string\"}],\"inLanguage\":\"tr\"},{\"@type\":\"WebPage\",\"@id\":\"https:\/\/www.ozkaralar.com\/iplik\/en\/tanitim-filmi\/#webpage\",\"url\":\"https:\/\/www.ozkaralar.com\/iplik\/en\/tanitim-filmi\/\",\"name\":\"[:tr]Tan\\u0131t\\u0131m Filmi[:en]Introduction Film[:] - \\u00d6zkaralar \\u0130plik\",\"isPartOf\":{\"@id\":\"https:\/\/www.ozkaralar.com\/iplik\/en\/#website\"},\"datePublished\":\"2017-04-05T09:58:29+00:00\",\"dateModified\":\"2017-05-24T06:04:17+00:00\",\"inLanguage\":\"tr\",\"potentialAction\":[{\"@type\":\"ReadAction\",\"target\":[\"https:\/\/www.ozkaralar.com\/iplik\/en\/tanitim-filmi\/\"]}]}]}<\/script>\n<!-- \/ Yoast SEO plugin. -->","_links":{"self":[{"href":"https:\/\/www.ozkaralar.com\/iplik\/wp-json\/wp\/v2\/pages\/1001"}],"collection":[{"href":"https:\/\/www.ozkaralar.com\/iplik\/wp-json\/wp\/v2\/pages"}],"about":[{"href":"https:\/\/www.ozkaralar.com\/iplik\/wp-json\/wp\/v2\/types\/page"}],"author":[{"embeddable":true,"href":"https:\/\/www.ozkaralar.com\/iplik\/wp-json\/wp\/v2\/users\/1"}],"replies":[{"embeddable":true,"href":"https:\/\/www.ozkaralar.com\/iplik\/wp-json\/wp\/v2\/comments?post=1001"}],"version-history":[{"count":2,"href":"https:\/\/www.ozkaralar.com\/iplik\/wp-json\/wp\/v2\/pages\/1001\/revisions"}],"predecessor-version":[{"id":1253,"href":"https:\/\/www.ozkaralar.com\/iplik\/wp-json\/wp\/v2\/pages\/1001\/revisions\/1253"}],"wp:attachment":[{"href":"https:\/\/www.ozkaralar.com\/iplik\/wp-json\/wp\/v2\/media?parent=1001"}],"curies":[{"name":"wp","href":"https:\/\/api.w.org\/{rel}","templated":true}]}}